{"id":261,"date":"2026-04-17T19:25:22","date_gmt":"2026-04-17T19:25:22","guid":{"rendered":"https:\/\/xn--imeiellenrzs-leb76l.hu\/?post_type=product&#038;p=261"},"modified":"2026-04-17T21:21:28","modified_gmt":"2026-04-17T21:21:28","slug":"apple-find-my-status-check-on-off-icloud-allapot-ellenorzes","status":"publish","type":"product","link":"https:\/\/xn--imeiellenrzs-leb76l.hu\/?product=apple-find-my-status-check-on-off-icloud-allapot-ellenorzes","title":{"rendered":"Apple Find My Status Check [ON \/ OFF] \u2013 iCloud \u00e1llapot ellen\u0151rz\u00e9s"},"content":{"rendered":"<div style=\"font-size: 14pt; line-height: 1.7;\">\n<h1>Apple Find My Status Check [ON \/ OFF] \u2013 iCloud \u00e1llapot ellen\u0151rz\u00e9s<\/h1>\n<p>Az <strong>Apple Find My Status Check<\/strong> seg\u00edts\u00e9g\u00e9vel ellen\u0151rizhet\u0151,<br \/>\nhogy az iPhone k\u00e9sz\u00fcl\u00e9khez <strong>tartozik-e akt\u00edv iCloud kapcsolat<\/strong>.<\/p>\n<p>Ez az egyik legfontosabb ellen\u0151rz\u00e9s<br \/>\n<strong>haszn\u00e1lt iPhone v\u00e1s\u00e1rl\u00e1sa el\u0151tt<\/strong>,<br \/>\nmivel k\u00f6zvetlen\u00fcl befoly\u00e1solja a k\u00e9sz\u00fcl\u00e9k haszn\u00e1lhat\u00f3s\u00e1g\u00e1t.<\/p>\n<h2>Mit jelent a Find My st\u00e1tusz?<\/h2>\n<p>A Find My funkci\u00f3 az Apple biztons\u00e1gi rendszere,<br \/>\namely lehet\u0151v\u00e9 teszi a k\u00e9sz\u00fcl\u00e9k k\u00f6vet\u00e9s\u00e9t \u00e9s v\u00e9delm\u00e9t.<\/p>\n<ul>\n<li><strong>ON<\/strong> \u2013 a k\u00e9sz\u00fcl\u00e9k iCloud fi\u00f3khoz van kapcsolva<\/li>\n<li><strong>OFF<\/strong> \u2013 nincs akt\u00edv iCloud kapcsolat<\/li>\n<\/ul>\n<h2>Mit jelent az ON \u00e1llapot?<\/h2>\n<ul>\n<li>A k\u00e9sz\u00fcl\u00e9k egy Apple fi\u00f3khoz van rendelve<\/li>\n<li>El\u0151fordulhat, hogy aktiv\u00e1l\u00e1si v\u00e9delem alatt \u00e1ll<\/li>\n<li>A haszn\u00e1lathoz sz\u00fcks\u00e9g lehet a tulajdonos hozz\u00e1f\u00e9r\u00e9s\u00e9re<\/li>\n<li>V\u00e1s\u00e1rl\u00e1s el\u0151tt kock\u00e1zatot jelenthet<\/li>\n<\/ul>\n<h2>Mit jelent az OFF \u00e1llapot?<\/h2>\n<ul>\n<li>A k\u00e9sz\u00fcl\u00e9k nincs iCloud fi\u00f3khoz k\u00f6tve<\/li>\n<li>Szabadon aktiv\u00e1lhat\u00f3<\/li>\n<li>Azonnal haszn\u00e1latba vehet\u0151<\/li>\n<li>Biztons\u00e1gosabb v\u00e1laszt\u00e1s haszn\u00e1lt k\u00e9sz\u00fcl\u00e9k eset\u00e9n<\/li>\n<\/ul>\n<h2>Mi\u00e9rt fontos ez az ellen\u0151rz\u00e9s?<\/h2>\n<ul>\n<li>Elker\u00fclheted a z\u00e1rolt k\u00e9sz\u00fcl\u00e9keket<\/li>\n<li>Gyorsan ellen\u0151rizheted a haszn\u00e1lhat\u00f3s\u00e1got<\/li>\n<li>Biztons\u00e1gosabb\u00e1 teszi a v\u00e1s\u00e1rl\u00e1st<\/li>\n<li>Megel\u0151zheted a k\u00e9s\u0151bbi probl\u00e9m\u00e1kat<\/li>\n<\/ul>\n<h2>Hogyan m\u0171k\u00f6dik?<\/h2>\n<ol>\n<li>Keresd meg a k\u00e9sz\u00fcl\u00e9k <strong>IMEI sz\u00e1m\u00e1t<\/strong><\/li>\n<li>\u00cdrd be az ellen\u0151rz\u0151 mez\u0151be<\/li>\n<li>Ind\u00edtsd el a lek\u00e9rdez\u00e9st<\/li>\n<li>N\u00e9h\u00e1ny m\u00e1sodperc m\u00falva megjelenik az <strong>ON \/ OFF st\u00e1tusz<\/strong><\/li>\n<\/ol>\n<div style=\"border: 1px solid #ffcccc; padding: 14px; border-radius: 10px; background: #fff5f5; margin-top: 14px;\">\n<p style=\"margin: 0;\"><strong>Fontos:<\/strong><br \/>\nHa az \u00e1llapot <strong>ON<\/strong>,<br \/>\na k\u00e9sz\u00fcl\u00e9k haszn\u00e1lat\u00e1hoz sz\u00fcks\u00e9g lehet az eredeti Apple fi\u00f3khoz tartoz\u00f3 adatokra.<br \/>\nEn\u00e9lk\u00fcl a k\u00e9sz\u00fcl\u00e9k aktiv\u00e1l\u00e1sa korl\u00e1tozott lehet.<\/p>\n<\/div>\n<p style=\"font-size: 13px; color: #666; margin-top: 12px;\">Megjegyz\u00e9s: Az eredm\u00e9nyek k\u00e9sz\u00fcl\u00e9kt\u00edpust\u00f3l \u00e9s r\u00e9gi\u00f3t\u00f3l f\u00fcgg\u0151en elt\u00e9rhetnek.<\/p>\n<\/div>\n","protected":false},"excerpt":{"rendered":"<p>Apple Find My Status Check [ON \/ OFF] \u2013 iCloud \u00e1llapot ellen\u0151rz\u00e9s Az Apple Find My Status Check seg\u00edts\u00e9g\u00e9vel ellen\u0151rizhet\u0151, [&hellip;]<\/p>\n","protected":false},"featured_media":0,"comment_status":"open","ping_status":"closed","template":"","meta":{"site-sidebar-layout":"default","site-content-layout":"","ast-site-content-layout":"default","site-content-style":"default","site-sidebar-style":"default","ast-global-header-display":"","ast-banner-title-visibility":"","ast-main-header-display":"","ast-hfb-above-header-display":"","ast-hfb-below-header-display":"","ast-hfb-mobile-header-display":"","site-post-title":"","ast-breadcrumbs-content":"","ast-featured-img":"","footer-sml-layout":"","ast-disable-related-posts":"","theme-transparent-header-meta":"default","adv-header-id-meta":"","stick-header-meta":"","header-above-stick-meta":"","header-main-stick-meta":"","header-below-stick-meta":"","astra-migrate-meta-layouts":"set","ast-page-background-enabled":"default","ast-page-background-meta":{"desktop":{"background-color":"var(--ast-global-color-5)","background-image":"","background-repeat":"repeat","background-position":"center center","background-size":"auto","background-attachment":"scroll","background-type":"","background-media":"","overlay-type":"","overlay-color":"","overlay-opacity":"","overlay-gradient":""},"tablet":{"background-color":"","background-image":"","background-repeat":"repeat","background-position":"center center","background-size":"auto","background-attachment":"scroll","background-type":"","background-media":"","overlay-type":"","overlay-color":"","overlay-opacity":"","overlay-gradient":""},"mobile":{"background-color":"","background-image":"","background-repeat":"repeat","background-position":"center center","background-size":"auto","background-attachment":"scroll","background-type":"","background-media":"","overlay-type":"","overlay-color":"","overlay-opacity":"","overlay-gradient":""}},"ast-content-background-meta":{"desktop":{"background-color":"var(--ast-global-color-4)","background-image":"","background-repeat":"repeat","background-position":"center center","background-size":"auto","background-attachment":"scroll","background-type":"","background-media":"","overlay-type":"","overlay-color":"","overlay-opacity":"","overlay-gradient":""},"tablet":{"background-color":"var(--ast-global-color-4)","background-image":"","background-repeat":"repeat","background-position":"center center","background-size":"auto","background-attachment":"scroll","background-type":"","background-media":"","overlay-type":"","overlay-color":"","overlay-opacity":"","overlay-gradient":""},"mobile":{"background-color":"var(--ast-global-color-4)","background-image":"","background-repeat":"repeat","background-position":"center center","background-size":"auto","background-attachment":"scroll","background-type":"","background-media":"","overlay-type":"","overlay-color":"","overlay-opacity":"","overlay-gradient":""}}},"product_brand":[],"product_cat":[29],"product_tag":[],"class_list":{"0":"post-261","1":"product","2":"type-product","3":"status-publish","5":"product_cat-apple","6":"desktop-align-left","7":"tablet-align-left","8":"mobile-align-left","10":"first","11":"instock","12":"shipping-taxable","13":"purchasable","14":"product-type-simple"},"yoast_head":"<!-- This site is optimized with the Yoast SEO plugin v27.5 - https:\/\/yoast.com\/product\/yoast-seo-wordpress\/ -->\n<title>iPhone Find My Status Check [ON \/ OFF] \u2013 iCloud \u00e1llapot ellen\u0151rz\u00e9s<\/title>\n<meta name=\"description\" content=\"Ellen\u0151rizd iPhone k\u00e9sz\u00fcl\u00e9ked Find My st\u00e1tusz\u00e1t IMEI alapj\u00e1n. Tudd meg, hogy ON vagy OFF az iCloud kapcsolat haszn\u00e1lt v\u00e1s\u00e1rl\u00e1s el\u0151tt.\" \/>\n<meta name=\"robots\" content=\"index, follow, max-snippet:-1, max-image-preview:large, max-video-preview:-1\" \/>\n<link rel=\"canonical\" href=\"https:\/\/xn--imeiellenrzs-leb76l.hu\/?product=apple-find-my-status-check-on-off-icloud-allapot-ellenorzes\" \/>\n<meta property=\"og:locale\" content=\"hu_HU\" \/>\n<meta property=\"og:type\" content=\"article\" \/>\n<meta property=\"og:title\" content=\"iPhone Find My Status Check [ON \/ OFF] \u2013 iCloud \u00e1llapot ellen\u0151rz\u00e9s\" \/>\n<meta property=\"og:description\" content=\"Ellen\u0151rizd iPhone k\u00e9sz\u00fcl\u00e9ked Find My st\u00e1tusz\u00e1t IMEI alapj\u00e1n. Tudd meg, hogy ON vagy OFF az iCloud kapcsolat haszn\u00e1lt v\u00e1s\u00e1rl\u00e1s el\u0151tt.\" \/>\n<meta property=\"og:url\" content=\"https:\/\/xn--imeiellenrzs-leb76l.hu\/?product=apple-find-my-status-check-on-off-icloud-allapot-ellenorzes\" \/>\n<meta property=\"og:site_name\" content=\"IMEI Ellen\u0151rz\u00e9s \u2013 Gyors, Pontos Inform\u00e1ci\u00f3\" \/>\n<meta property=\"article:publisher\" content=\"https:\/\/www.facebook.com\/fixity.hu\" \/>\n<meta property=\"article:modified_time\" content=\"2026-04-17T21:21:28+00:00\" \/>\n<meta property=\"og:image\" content=\"https:\/\/xn--imeiellenrzs-leb76l.hu\/wp-content\/uploads\/2025\/12\/Iphone-ellenorzes.png\" \/>\n\t<meta property=\"og:image:width\" content=\"1024\" \/>\n\t<meta property=\"og:image:height\" content=\"1024\" \/>\n\t<meta property=\"og:image:type\" content=\"image\/png\" \/>\n<meta name=\"twitter:card\" content=\"summary_large_image\" \/>\n<meta name=\"twitter:label1\" content=\"Becs\u00fclt olvas\u00e1si id\u0151\" \/>\n\t<meta name=\"twitter:data1\" content=\"2 perc\" \/>\n<script type=\"application\/ld+json\" class=\"yoast-schema-graph\">{\"@context\":\"https:\\\/\\\/schema.org\",\"@graph\":[{\"@type\":\"WebPage\",\"@id\":\"https:\\\/\\\/xn--imeiellenrzs-leb76l.hu\\\/?product=apple-find-my-status-check-on-off-icloud-allapot-ellenorzes\",\"url\":\"https:\\\/\\\/xn--imeiellenrzs-leb76l.hu\\\/?product=apple-find-my-status-check-on-off-icloud-allapot-ellenorzes\",\"name\":\"iPhone Find My Status Check [ON \\\/ OFF] \u2013 iCloud \u00e1llapot ellen\u0151rz\u00e9s\",\"isPartOf\":{\"@id\":\"https:\\\/\\\/xn--imeiellenrzs-leb76l.hu\\\/#website\"},\"datePublished\":\"2026-04-17T19:25:22+00:00\",\"dateModified\":\"2026-04-17T21:21:28+00:00\",\"description\":\"Ellen\u0151rizd iPhone k\u00e9sz\u00fcl\u00e9ked Find My st\u00e1tusz\u00e1t IMEI alapj\u00e1n. Tudd meg, hogy ON vagy OFF az iCloud kapcsolat haszn\u00e1lt v\u00e1s\u00e1rl\u00e1s el\u0151tt.\",\"breadcrumb\":{\"@id\":\"https:\\\/\\\/xn--imeiellenrzs-leb76l.hu\\\/?product=apple-find-my-status-check-on-off-icloud-allapot-ellenorzes#breadcrumb\"},\"inLanguage\":\"hu\",\"potentialAction\":[{\"@type\":\"ReadAction\",\"target\":[\"https:\\\/\\\/xn--imeiellenrzs-leb76l.hu\\\/?product=apple-find-my-status-check-on-off-icloud-allapot-ellenorzes\"]}]},{\"@type\":\"BreadcrumbList\",\"@id\":\"https:\\\/\\\/xn--imeiellenrzs-leb76l.hu\\\/?product=apple-find-my-status-check-on-off-icloud-allapot-ellenorzes#breadcrumb\",\"itemListElement\":[{\"@type\":\"ListItem\",\"position\":1,\"name\":\"Kezd\u0151lap\",\"item\":\"https:\\\/\\\/xn--imeiellenrzs-leb76l.hu\\\/\"},{\"@type\":\"ListItem\",\"position\":2,\"name\":\"Term\u00e9kek\",\"item\":\"https:\\\/\\\/xn--imeiellenrzs-leb76l.hu\\\/?post_type=product\"},{\"@type\":\"ListItem\",\"position\":3,\"name\":\"Apple Find My Status Check [ON \\\/ OFF] \u2013 iCloud \u00e1llapot ellen\u0151rz\u00e9s\"}]},{\"@type\":\"WebSite\",\"@id\":\"https:\\\/\\\/xn--imeiellenrzs-leb76l.hu\\\/#website\",\"url\":\"https:\\\/\\\/xn--imeiellenrzs-leb76l.hu\\\/\",\"name\":\"Imeiellen\u0151rz\u00e9s\",\"description\":\"Telefonod adatai IMEI alapj\u00e1n \u2013 gyors \u00e9s megb\u00edzhat\u00f3 ellen\u0151rz\u00e9s.\",\"potentialAction\":[{\"@type\":\"SearchAction\",\"target\":{\"@type\":\"EntryPoint\",\"urlTemplate\":\"https:\\\/\\\/xn--imeiellenrzs-leb76l.hu\\\/?s={search_term_string}\"},\"query-input\":{\"@type\":\"PropertyValueSpecification\",\"valueRequired\":true,\"valueName\":\"search_term_string\"}}],\"inLanguage\":\"hu\"}]}<\/script>\n<!-- \/ Yoast SEO plugin. -->","yoast_head_json":{"title":"iPhone Find My Status Check [ON \/ OFF] \u2013 iCloud \u00e1llapot ellen\u0151rz\u00e9s","description":"Ellen\u0151rizd iPhone k\u00e9sz\u00fcl\u00e9ked Find My st\u00e1tusz\u00e1t IMEI alapj\u00e1n. Tudd meg, hogy ON vagy OFF az iCloud kapcsolat haszn\u00e1lt v\u00e1s\u00e1rl\u00e1s el\u0151tt.","robots":{"index":"index","follow":"follow","max-snippet":"max-snippet:-1","max-image-preview":"max-image-preview:large","max-video-preview":"max-video-preview:-1"},"canonical":"https:\/\/xn--imeiellenrzs-leb76l.hu\/?product=apple-find-my-status-check-on-off-icloud-allapot-ellenorzes","og_locale":"hu_HU","og_type":"article","og_title":"iPhone Find My Status Check [ON \/ OFF] \u2013 iCloud \u00e1llapot ellen\u0151rz\u00e9s","og_description":"Ellen\u0151rizd iPhone k\u00e9sz\u00fcl\u00e9ked Find My st\u00e1tusz\u00e1t IMEI alapj\u00e1n. Tudd meg, hogy ON vagy OFF az iCloud kapcsolat haszn\u00e1lt v\u00e1s\u00e1rl\u00e1s el\u0151tt.","og_url":"https:\/\/xn--imeiellenrzs-leb76l.hu\/?product=apple-find-my-status-check-on-off-icloud-allapot-ellenorzes","og_site_name":"IMEI Ellen\u0151rz\u00e9s \u2013 Gyors, Pontos Inform\u00e1ci\u00f3","article_publisher":"https:\/\/www.facebook.com\/fixity.hu","article_modified_time":"2026-04-17T21:21:28+00:00","og_image":[{"width":1024,"height":1024,"url":"https:\/\/xn--imeiellenrzs-leb76l.hu\/wp-content\/uploads\/2025\/12\/Iphone-ellenorzes.png","type":"image\/png"}],"twitter_card":"summary_large_image","twitter_misc":{"Becs\u00fclt olvas\u00e1si id\u0151":"2 perc"},"schema":{"@context":"https:\/\/schema.org","@graph":[{"@type":"WebPage","@id":"https:\/\/xn--imeiellenrzs-leb76l.hu\/?product=apple-find-my-status-check-on-off-icloud-allapot-ellenorzes","url":"https:\/\/xn--imeiellenrzs-leb76l.hu\/?product=apple-find-my-status-check-on-off-icloud-allapot-ellenorzes","name":"iPhone Find My Status Check [ON \/ OFF] \u2013 iCloud \u00e1llapot ellen\u0151rz\u00e9s","isPartOf":{"@id":"https:\/\/xn--imeiellenrzs-leb76l.hu\/#website"},"datePublished":"2026-04-17T19:25:22+00:00","dateModified":"2026-04-17T21:21:28+00:00","description":"Ellen\u0151rizd iPhone k\u00e9sz\u00fcl\u00e9ked Find My st\u00e1tusz\u00e1t IMEI alapj\u00e1n. Tudd meg, hogy ON vagy OFF az iCloud kapcsolat haszn\u00e1lt v\u00e1s\u00e1rl\u00e1s el\u0151tt.","breadcrumb":{"@id":"https:\/\/xn--imeiellenrzs-leb76l.hu\/?product=apple-find-my-status-check-on-off-icloud-allapot-ellenorzes#breadcrumb"},"inLanguage":"hu","potentialAction":[{"@type":"ReadAction","target":["https:\/\/xn--imeiellenrzs-leb76l.hu\/?product=apple-find-my-status-check-on-off-icloud-allapot-ellenorzes"]}]},{"@type":"BreadcrumbList","@id":"https:\/\/xn--imeiellenrzs-leb76l.hu\/?product=apple-find-my-status-check-on-off-icloud-allapot-ellenorzes#breadcrumb","itemListElement":[{"@type":"ListItem","position":1,"name":"Kezd\u0151lap","item":"https:\/\/xn--imeiellenrzs-leb76l.hu\/"},{"@type":"ListItem","position":2,"name":"Term\u00e9kek","item":"https:\/\/xn--imeiellenrzs-leb76l.hu\/?post_type=product"},{"@type":"ListItem","position":3,"name":"Apple Find My Status Check [ON \/ OFF] \u2013 iCloud \u00e1llapot ellen\u0151rz\u00e9s"}]},{"@type":"WebSite","@id":"https:\/\/xn--imeiellenrzs-leb76l.hu\/#website","url":"https:\/\/xn--imeiellenrzs-leb76l.hu\/","name":"Imeiellen\u0151rz\u00e9s","description":"Telefonod adatai IMEI alapj\u00e1n \u2013 gyors \u00e9s megb\u00edzhat\u00f3 ellen\u0151rz\u00e9s.","potentialAction":[{"@type":"SearchAction","target":{"@type":"EntryPoint","urlTemplate":"https:\/\/xn--imeiellenrzs-leb76l.hu\/?s={search_term_string}"},"query-input":{"@type":"PropertyValueSpecification","valueRequired":true,"valueName":"search_term_string"}}],"inLanguage":"hu"}]}},"_links":{"self":[{"href":"https:\/\/xn--imeiellenrzs-leb76l.hu\/index.php?rest_route=\/wp\/v2\/product\/261","targetHints":{"allow":["GET"]}}],"collection":[{"href":"https:\/\/xn--imeiellenrzs-leb76l.hu\/index.php?rest_route=\/wp\/v2\/product"}],"about":[{"href":"https:\/\/xn--imeiellenrzs-leb76l.hu\/index.php?rest_route=\/wp\/v2\/types\/product"}],"replies":[{"embeddable":true,"href":"https:\/\/xn--imeiellenrzs-leb76l.hu\/index.php?rest_route=%2Fwp%2Fv2%2Fcomments&post=261"}],"wp:attachment":[{"href":"https:\/\/xn--imeiellenrzs-leb76l.hu\/index.php?rest_route=%2Fwp%2Fv2%2Fmedia&parent=261"}],"wp:term":[{"taxonomy":"product_brand","embeddable":true,"href":"https:\/\/xn--imeiellenrzs-leb76l.hu\/index.php?rest_route=%2Fwp%2Fv2%2Fproduct_brand&post=261"},{"taxonomy":"product_cat","embeddable":true,"href":"https:\/\/xn--imeiellenrzs-leb76l.hu\/index.php?rest_route=%2Fwp%2Fv2%2Fproduct_cat&post=261"},{"taxonomy":"product_tag","embeddable":true,"href":"https:\/\/xn--imeiellenrzs-leb76l.hu\/index.php?rest_route=%2Fwp%2Fv2%2Fproduct_tag&post=261"}],"curies":[{"name":"wp","href":"https:\/\/api.w.org\/{rel}","templated":true}]}}