{"id":161,"date":"2025-12-07T14:06:55","date_gmt":"2025-12-07T14:06:55","guid":{"rendered":"https:\/\/xn--imeiellenrzs-leb76l.hu\/?post_type=product&#038;p=161"},"modified":"2026-04-17T18:24:09","modified_gmt":"2026-04-17T18:24:09","slug":"xiaomi-ellenorzes","status":"publish","type":"product","link":"https:\/\/xn--imeiellenrzs-leb76l.hu\/?product=xiaomi-ellenorzes","title":{"rendered":"Xiaomi ellen\u0151rz\u00e9s"},"content":{"rendered":"<div style=\"font-size: 14pt; line-height: 1.6; color: #222;\">\n<h1 style=\"font-size: 20pt; font-weight: 600; margin-bottom: 16px;\">Xiaomi Info Check \u2013 IMEI alap\u00fa garancia, aktiv\u00e1l\u00e1s \u00e9s r\u00e9gi\u00f3ellen\u0151rz\u00e9s<\/h1>\n<p style=\"margin-bottom: 20px;\">A <strong>Xiaomi Info Check<\/strong> szolg\u00e1ltat\u00e1s seg\u00edts\u00e9g\u00e9vel m\u00e1sodpercek alatt ellen\u0151rizheted a k\u00e9sz\u00fcl\u00e9ked <em>garanci\u00e1lis \u00e1llapot\u00e1t<\/em>, <em>aktiv\u00e1l\u00e1si d\u00e1tum\u00e1t<\/em>, <em>r\u00e9gi\u00f3j\u00e1t<\/em> \u00e9s <em>modelladatait<\/em>. Az ellen\u0151rz\u00e9s az <strong>IMEI-sz\u00e1m<\/strong> alapj\u00e1n t\u00f6rt\u00e9nik, a hivatalos Xiaomi \u00e9s MIUI adatb\u00e1zisok inform\u00e1ci\u00f3it felhaszn\u00e1lva.<\/p>\n<h2 style=\"font-size: 17pt; margin-top: 25px;\">Mit tudsz kider\u00edteni?<\/h2>\n<ul style=\"margin-left: 20px; margin-bottom: 20px;\">\n<li><strong>Garancia \u00e1llapot:<\/strong> a k\u00e9sz\u00fcl\u00e9k garanci\u00e1ja akt\u00edv vagy lej\u00e1rt, a j\u00f3t\u00e1ll\u00e1s pontos lej\u00e1rati d\u00e1tum\u00e1val.<\/li>\n<li><strong>Aktiv\u00e1l\u00e1si d\u00e1tum:<\/strong> az els\u0151 h\u00e1l\u00f3zatra helyez\u00e9s vagy be\u00fczemel\u00e9s id\u0151pontja.<\/li>\n<li><strong>\u00c9rt\u00e9kes\u00edt\u00e9si orsz\u00e1g \/ r\u00e9gi\u00f3:<\/strong> hol ker\u00fclt forgalomba eredetileg \u2013 fontos a r\u00e9gi\u00f3specifikus modellekn\u00e9l.<\/li>\n<li><strong>Modell- \u00e9s vari\u00e1nsadatok:<\/strong> pontos t\u00edpus, sz\u00edn, t\u00e1rhely, RAM \u00e9s MIUI verzi\u00f3.<\/li>\n<li><strong>H\u00e1l\u00f3zati st\u00e1tusz:<\/strong> a k\u00e9sz\u00fcl\u00e9k f\u00fcggetlen (<em>Unlocked<\/em>) vagy szolg\u00e1ltat\u00f3hoz k\u00f6t\u00f6tt (<em>Locked<\/em>).<\/li>\n<\/ul>\n<h2 style=\"font-size: 17pt; margin-top: 25px;\">Hogyan m\u0171k\u00f6dik?<\/h2>\n<ol style=\"margin-left: 20px; margin-bottom: 20px;\">\n<li>Keresd meg a k\u00e9sz\u00fcl\u00e9k <strong>IMEI-sz\u00e1m\u00e1t<\/strong> \u2013 \u00edrd be a <code>*#06#<\/code> k\u00f3dot vagy keresd a Be\u00e1ll\u00edt\u00e1sok \u2192 N\u00e9vjegy men\u00fcben.<\/li>\n<li>Add meg az IMEI-t az ellen\u0151rz\u0151 mez\u0151ben, \u00e9s ind\u00edtsd el a lek\u00e9rdez\u00e9st.<\/li>\n<li>P\u00e1r m\u00e1sodpercen bel\u00fcl megjelenik a r\u00e9szletes jelent\u00e9s: garancia, r\u00e9gi\u00f3, aktiv\u00e1l\u00e1si \u00e9s modellinform\u00e1ci\u00f3k.<\/li>\n<\/ol>\n<h2 style=\"font-size: 17pt; margin-top: 25px;\">Mi\u00e9rt \u00e9rdemes elv\u00e9gezni?<\/h2>\n<p>Haszn\u00e1lt <strong>Xiaomi<\/strong> k\u00e9sz\u00fcl\u00e9k v\u00e1s\u00e1rl\u00e1sa el\u0151tt elengedhetetlen ellen\u0151rizni a k\u00e9sz\u00fcl\u00e9k <span style=\"color: #ce0645; font-weight: 600;\">eredet\u00e9t<\/span>, <span style=\"color: #ce0645; font-weight: 600;\">garanci\u00e1j\u00e1t<\/span>, <span style=\"color: #ce0645; font-weight: 600;\">r\u00e9gi\u00f3j\u00e1t<\/span> \u00e9s <span style=\"color: #ce0645; font-weight: 600;\">aktiv\u00e1l\u00e1si d\u00e1tum\u00e1t<\/span>. Az <strong>Info Check<\/strong> seg\u00edt elker\u00fclni a k\u00e9tes eredet\u0171, r\u00e9gi\u00f3z\u00e1ras vagy garanci\u00e1n t\u00fali modelleket, \u00edgy biztos lehetsz abban, hogy hivatalos, megb\u00edzhat\u00f3 eszk\u00f6zt v\u00e1lasztasz.<\/p>\n<div style=\"background: #f9f9f9; border-left: 4px solid #ce0645; padding: 16px; border-radius: 6px; margin-top: 30px;\">\n<h2 style=\"font-size: 17pt; margin-top: 0;\">\u00d6sszefoglal\u00e1s<\/h2>\n<p style=\"margin: 0;\">A <strong>Xiaomi Info Check<\/strong> gyors \u00e9s pontos inform\u00e1ci\u00f3kat ny\u00fajt a k\u00e9sz\u00fcl\u00e9k garanci\u00e1j\u00e1r\u00f3l, aktiv\u00e1l\u00e1si idej\u00e9r\u0151l, r\u00e9gi\u00f3j\u00e1r\u00f3l \u00e9s modelladatir\u00f3l. Ellen\u0151rizd most a Xiaomi k\u00e9sz\u00fcl\u00e9ked , \u00e9s gy\u0151z\u0151dj meg r\u00f3la, hogy minden adat rendben van.<\/p>\n<\/div>\n<\/div>\n<div style=\"text-align: center; margin-top: 15px;\"><button style=\"background: #ce0645; color: #fff; border: none; padding: 10px 20px; font-size: 14pt; border-radius: 8px; cursor: pointer; transition: background 0.2s;\"><br \/>\n&#x2b05; Vissza<br \/>\n<\/button><\/div>\n","protected":false},"excerpt":{"rendered":"<p>Xiaomi Info Check \u2013 IMEI alap\u00fa garancia, aktiv\u00e1l\u00e1s \u00e9s r\u00e9gi\u00f3ellen\u0151rz\u00e9s A Xiaomi Info Check szolg\u00e1ltat\u00e1s seg\u00edts\u00e9g\u00e9vel m\u00e1sodpercek alatt ellen\u0151rizheted a [&hellip;]<\/p>\n","protected":false},"featured_media":0,"comment_status":"open","ping_status":"closed","template":"","meta":{"site-sidebar-layout":"default","site-content-layout":"","ast-site-content-layout":"default","site-content-style":"default","site-sidebar-style":"default","ast-global-header-display":"","ast-banner-title-visibility":"","ast-main-header-display":"","ast-hfb-above-header-display":"","ast-hfb-below-header-display":"","ast-hfb-mobile-header-display":"","site-post-title":"","ast-breadcrumbs-content":"","ast-featured-img":"","footer-sml-layout":"","ast-disable-related-posts":"","theme-transparent-header-meta":"default","adv-header-id-meta":"","stick-header-meta":"","header-above-stick-meta":"","header-main-stick-meta":"","header-below-stick-meta":"","astra-migrate-meta-layouts":"set","ast-page-background-enabled":"default","ast-page-background-meta":{"desktop":{"background-color":"var(--ast-global-color-5)","background-image":"","background-repeat":"repeat","background-position":"center center","background-size":"auto","background-attachment":"scroll","background-type":"","background-media":"","overlay-type":"","overlay-color":"","overlay-opacity":"","overlay-gradient":""},"tablet":{"background-color":"","background-image":"","background-repeat":"repeat","background-position":"center center","background-size":"auto","background-attachment":"scroll","background-type":"","background-media":"","overlay-type":"","overlay-color":"","overlay-opacity":"","overlay-gradient":""},"mobile":{"background-color":"","background-image":"","background-repeat":"repeat","background-position":"center center","background-size":"auto","background-attachment":"scroll","background-type":"","background-media":"","overlay-type":"","overlay-color":"","overlay-opacity":"","overlay-gradient":""}},"ast-content-background-meta":{"desktop":{"background-color":"var(--ast-global-color-4)","background-image":"","background-repeat":"repeat","background-position":"center center","background-size":"auto","background-attachment":"scroll","background-type":"","background-media":"","overlay-type":"","overlay-color":"","overlay-opacity":"","overlay-gradient":""},"tablet":{"background-color":"var(--ast-global-color-4)","background-image":"","background-repeat":"repeat","background-position":"center center","background-size":"auto","background-attachment":"scroll","background-type":"","background-media":"","overlay-type":"","overlay-color":"","overlay-opacity":"","overlay-gradient":""},"mobile":{"background-color":"var(--ast-global-color-4)","background-image":"","background-repeat":"repeat","background-position":"center center","background-size":"auto","background-attachment":"scroll","background-type":"","background-media":"","overlay-type":"","overlay-color":"","overlay-opacity":"","overlay-gradient":""}}},"product_brand":[],"product_cat":[41],"product_tag":[],"class_list":{"0":"post-161","1":"product","2":"type-product","3":"status-publish","5":"product_cat-xiaomi","6":"desktop-align-left","7":"tablet-align-left","8":"mobile-align-left","10":"first","11":"instock","12":"shipping-taxable","13":"purchasable","14":"product-type-simple"},"yoast_head":"<!-- This site is optimized with the Yoast SEO plugin v27.5 - https:\/\/yoast.com\/product\/yoast-seo-wordpress\/ -->\n<title>Xiaomi ellen\u0151rz\u00e9s - IMEI Ellen\u0151rz\u00e9s \u2013 Gyors, Pontos Inform\u00e1ci\u00f3<\/title>\n<meta name=\"description\" content=\"Ellen\u0151rizd Xiaomi k\u00e9sz\u00fcl\u00e9ked garanci\u00e1j\u00e1t, aktiv\u00e1l\u00e1s\u00e1t, r\u00e9gi\u00f3j\u00e1t \u00e9s MIUI verzi\u00f3j\u00e1t IMEI alapj\u00e1n. Gyors \u00e9s hivatalos Xiaomi Info Check a Fixity-t\u0151l.\" \/>\n<meta name=\"robots\" content=\"index, follow, max-snippet:-1, max-image-preview:large, max-video-preview:-1\" \/>\n<link rel=\"canonical\" href=\"https:\/\/xn--imeiellenrzs-leb76l.hu\/?product=xiaomi-ellenorzes\" \/>\n<meta property=\"og:locale\" content=\"hu_HU\" \/>\n<meta property=\"og:type\" content=\"article\" \/>\n<meta property=\"og:title\" content=\"Xiaomi ellen\u0151rz\u00e9s - IMEI Ellen\u0151rz\u00e9s \u2013 Gyors, Pontos Inform\u00e1ci\u00f3\" \/>\n<meta property=\"og:description\" content=\"Ellen\u0151rizd Xiaomi k\u00e9sz\u00fcl\u00e9ked garanci\u00e1j\u00e1t, aktiv\u00e1l\u00e1s\u00e1t, r\u00e9gi\u00f3j\u00e1t \u00e9s MIUI verzi\u00f3j\u00e1t IMEI alapj\u00e1n. Gyors \u00e9s hivatalos Xiaomi Info Check a Fixity-t\u0151l.\" \/>\n<meta property=\"og:url\" content=\"https:\/\/xn--imeiellenrzs-leb76l.hu\/?product=xiaomi-ellenorzes\" \/>\n<meta property=\"og:site_name\" content=\"IMEI Ellen\u0151rz\u00e9s \u2013 Gyors, Pontos Inform\u00e1ci\u00f3\" \/>\n<meta property=\"article:publisher\" content=\"https:\/\/www.facebook.com\/fixity.hu\" \/>\n<meta property=\"article:modified_time\" content=\"2026-04-17T18:24:09+00:00\" \/>\n<meta property=\"og:image\" content=\"https:\/\/xn--imeiellenrzs-leb76l.hu\/wp-content\/uploads\/2025\/12\/Xiaomi-ellenorzes.png\" \/>\n\t<meta property=\"og:image:width\" content=\"1024\" \/>\n\t<meta property=\"og:image:height\" content=\"1024\" \/>\n\t<meta property=\"og:image:type\" content=\"image\/png\" \/>\n<meta name=\"twitter:card\" content=\"summary_large_image\" \/>\n<meta name=\"twitter:label1\" content=\"Becs\u00fclt olvas\u00e1si id\u0151\" \/>\n\t<meta name=\"twitter:data1\" content=\"2 perc\" \/>\n<script type=\"application\/ld+json\" class=\"yoast-schema-graph\">{\"@context\":\"https:\\\/\\\/schema.org\",\"@graph\":[{\"@type\":\"WebPage\",\"@id\":\"https:\\\/\\\/xn--imeiellenrzs-leb76l.hu\\\/?product=xiaomi-ellenorzes\",\"url\":\"https:\\\/\\\/xn--imeiellenrzs-leb76l.hu\\\/?product=xiaomi-ellenorzes\",\"name\":\"Xiaomi ellen\u0151rz\u00e9s - IMEI Ellen\u0151rz\u00e9s \u2013 Gyors, Pontos Inform\u00e1ci\u00f3\",\"isPartOf\":{\"@id\":\"https:\\\/\\\/xn--imeiellenrzs-leb76l.hu\\\/#website\"},\"datePublished\":\"2025-12-07T14:06:55+00:00\",\"dateModified\":\"2026-04-17T18:24:09+00:00\",\"description\":\"Ellen\u0151rizd Xiaomi k\u00e9sz\u00fcl\u00e9ked garanci\u00e1j\u00e1t, aktiv\u00e1l\u00e1s\u00e1t, r\u00e9gi\u00f3j\u00e1t \u00e9s MIUI verzi\u00f3j\u00e1t IMEI alapj\u00e1n. Gyors \u00e9s hivatalos Xiaomi Info Check a Fixity-t\u0151l.\",\"breadcrumb\":{\"@id\":\"https:\\\/\\\/xn--imeiellenrzs-leb76l.hu\\\/?product=xiaomi-ellenorzes#breadcrumb\"},\"inLanguage\":\"hu\",\"potentialAction\":[{\"@type\":\"ReadAction\",\"target\":[\"https:\\\/\\\/xn--imeiellenrzs-leb76l.hu\\\/?product=xiaomi-ellenorzes\"]}]},{\"@type\":\"BreadcrumbList\",\"@id\":\"https:\\\/\\\/xn--imeiellenrzs-leb76l.hu\\\/?product=xiaomi-ellenorzes#breadcrumb\",\"itemListElement\":[{\"@type\":\"ListItem\",\"position\":1,\"name\":\"Kezd\u0151lap\",\"item\":\"https:\\\/\\\/xn--imeiellenrzs-leb76l.hu\\\/\"},{\"@type\":\"ListItem\",\"position\":2,\"name\":\"Term\u00e9kek\",\"item\":\"https:\\\/\\\/xn--imeiellenrzs-leb76l.hu\\\/?post_type=product\"},{\"@type\":\"ListItem\",\"position\":3,\"name\":\"Xiaomi ellen\u0151rz\u00e9s\"}]},{\"@type\":\"WebSite\",\"@id\":\"https:\\\/\\\/xn--imeiellenrzs-leb76l.hu\\\/#website\",\"url\":\"https:\\\/\\\/xn--imeiellenrzs-leb76l.hu\\\/\",\"name\":\"Imeiellen\u0151rz\u00e9s\",\"description\":\"Telefonod adatai IMEI alapj\u00e1n \u2013 gyors \u00e9s megb\u00edzhat\u00f3 ellen\u0151rz\u00e9s.\",\"potentialAction\":[{\"@type\":\"SearchAction\",\"target\":{\"@type\":\"EntryPoint\",\"urlTemplate\":\"https:\\\/\\\/xn--imeiellenrzs-leb76l.hu\\\/?s={search_term_string}\"},\"query-input\":{\"@type\":\"PropertyValueSpecification\",\"valueRequired\":true,\"valueName\":\"search_term_string\"}}],\"inLanguage\":\"hu\"}]}<\/script>\n<!-- \/ Yoast SEO plugin. -->","yoast_head_json":{"title":"Xiaomi ellen\u0151rz\u00e9s - IMEI Ellen\u0151rz\u00e9s \u2013 Gyors, Pontos Inform\u00e1ci\u00f3","description":"Ellen\u0151rizd Xiaomi k\u00e9sz\u00fcl\u00e9ked garanci\u00e1j\u00e1t, aktiv\u00e1l\u00e1s\u00e1t, r\u00e9gi\u00f3j\u00e1t \u00e9s MIUI verzi\u00f3j\u00e1t IMEI alapj\u00e1n. Gyors \u00e9s hivatalos Xiaomi Info Check a Fixity-t\u0151l.","robots":{"index":"index","follow":"follow","max-snippet":"max-snippet:-1","max-image-preview":"max-image-preview:large","max-video-preview":"max-video-preview:-1"},"canonical":"https:\/\/xn--imeiellenrzs-leb76l.hu\/?product=xiaomi-ellenorzes","og_locale":"hu_HU","og_type":"article","og_title":"Xiaomi ellen\u0151rz\u00e9s - IMEI Ellen\u0151rz\u00e9s \u2013 Gyors, Pontos Inform\u00e1ci\u00f3","og_description":"Ellen\u0151rizd Xiaomi k\u00e9sz\u00fcl\u00e9ked garanci\u00e1j\u00e1t, aktiv\u00e1l\u00e1s\u00e1t, r\u00e9gi\u00f3j\u00e1t \u00e9s MIUI verzi\u00f3j\u00e1t IMEI alapj\u00e1n. Gyors \u00e9s hivatalos Xiaomi Info Check a Fixity-t\u0151l.","og_url":"https:\/\/xn--imeiellenrzs-leb76l.hu\/?product=xiaomi-ellenorzes","og_site_name":"IMEI Ellen\u0151rz\u00e9s \u2013 Gyors, Pontos Inform\u00e1ci\u00f3","article_publisher":"https:\/\/www.facebook.com\/fixity.hu","article_modified_time":"2026-04-17T18:24:09+00:00","og_image":[{"width":1024,"height":1024,"url":"https:\/\/xn--imeiellenrzs-leb76l.hu\/wp-content\/uploads\/2025\/12\/Xiaomi-ellenorzes.png","type":"image\/png"}],"twitter_card":"summary_large_image","twitter_misc":{"Becs\u00fclt olvas\u00e1si id\u0151":"2 perc"},"schema":{"@context":"https:\/\/schema.org","@graph":[{"@type":"WebPage","@id":"https:\/\/xn--imeiellenrzs-leb76l.hu\/?product=xiaomi-ellenorzes","url":"https:\/\/xn--imeiellenrzs-leb76l.hu\/?product=xiaomi-ellenorzes","name":"Xiaomi ellen\u0151rz\u00e9s - IMEI Ellen\u0151rz\u00e9s \u2013 Gyors, Pontos Inform\u00e1ci\u00f3","isPartOf":{"@id":"https:\/\/xn--imeiellenrzs-leb76l.hu\/#website"},"datePublished":"2025-12-07T14:06:55+00:00","dateModified":"2026-04-17T18:24:09+00:00","description":"Ellen\u0151rizd Xiaomi k\u00e9sz\u00fcl\u00e9ked garanci\u00e1j\u00e1t, aktiv\u00e1l\u00e1s\u00e1t, r\u00e9gi\u00f3j\u00e1t \u00e9s MIUI verzi\u00f3j\u00e1t IMEI alapj\u00e1n. Gyors \u00e9s hivatalos Xiaomi Info Check a Fixity-t\u0151l.","breadcrumb":{"@id":"https:\/\/xn--imeiellenrzs-leb76l.hu\/?product=xiaomi-ellenorzes#breadcrumb"},"inLanguage":"hu","potentialAction":[{"@type":"ReadAction","target":["https:\/\/xn--imeiellenrzs-leb76l.hu\/?product=xiaomi-ellenorzes"]}]},{"@type":"BreadcrumbList","@id":"https:\/\/xn--imeiellenrzs-leb76l.hu\/?product=xiaomi-ellenorzes#breadcrumb","itemListElement":[{"@type":"ListItem","position":1,"name":"Kezd\u0151lap","item":"https:\/\/xn--imeiellenrzs-leb76l.hu\/"},{"@type":"ListItem","position":2,"name":"Term\u00e9kek","item":"https:\/\/xn--imeiellenrzs-leb76l.hu\/?post_type=product"},{"@type":"ListItem","position":3,"name":"Xiaomi ellen\u0151rz\u00e9s"}]},{"@type":"WebSite","@id":"https:\/\/xn--imeiellenrzs-leb76l.hu\/#website","url":"https:\/\/xn--imeiellenrzs-leb76l.hu\/","name":"Imeiellen\u0151rz\u00e9s","description":"Telefonod adatai IMEI alapj\u00e1n \u2013 gyors \u00e9s megb\u00edzhat\u00f3 ellen\u0151rz\u00e9s.","potentialAction":[{"@type":"SearchAction","target":{"@type":"EntryPoint","urlTemplate":"https:\/\/xn--imeiellenrzs-leb76l.hu\/?s={search_term_string}"},"query-input":{"@type":"PropertyValueSpecification","valueRequired":true,"valueName":"search_term_string"}}],"inLanguage":"hu"}]}},"_links":{"self":[{"href":"https:\/\/xn--imeiellenrzs-leb76l.hu\/index.php?rest_route=\/wp\/v2\/product\/161","targetHints":{"allow":["GET"]}}],"collection":[{"href":"https:\/\/xn--imeiellenrzs-leb76l.hu\/index.php?rest_route=\/wp\/v2\/product"}],"about":[{"href":"https:\/\/xn--imeiellenrzs-leb76l.hu\/index.php?rest_route=\/wp\/v2\/types\/product"}],"replies":[{"embeddable":true,"href":"https:\/\/xn--imeiellenrzs-leb76l.hu\/index.php?rest_route=%2Fwp%2Fv2%2Fcomments&post=161"}],"wp:attachment":[{"href":"https:\/\/xn--imeiellenrzs-leb76l.hu\/index.php?rest_route=%2Fwp%2Fv2%2Fmedia&parent=161"}],"wp:term":[{"taxonomy":"product_brand","embeddable":true,"href":"https:\/\/xn--imeiellenrzs-leb76l.hu\/index.php?rest_route=%2Fwp%2Fv2%2Fproduct_brand&post=161"},{"taxonomy":"product_cat","embeddable":true,"href":"https:\/\/xn--imeiellenrzs-leb76l.hu\/index.php?rest_route=%2Fwp%2Fv2%2Fproduct_cat&post=161"},{"taxonomy":"product_tag","embeddable":true,"href":"https:\/\/xn--imeiellenrzs-leb76l.hu\/index.php?rest_route=%2Fwp%2Fv2%2Fproduct_tag&post=161"}],"curies":[{"name":"wp","href":"https:\/\/api.w.org\/{rel}","templated":true}]}}