{"id":159,"date":"2025-12-07T14:04:33","date_gmt":"2025-12-07T14:04:33","guid":{"rendered":"https:\/\/xn--imeiellenrzs-leb76l.hu\/?post_type=product&#038;p=159"},"modified":"2026-04-17T18:27:21","modified_gmt":"2026-04-17T18:27:21","slug":"samsung-ellenorzes","status":"publish","type":"product","link":"https:\/\/xn--imeiellenrzs-leb76l.hu\/?product=samsung-ellenorzes","title":{"rendered":"Samsung garancia ellen\u0151rz\u00e9s"},"content":{"rendered":"<div style=\"font-size: 14pt; line-height: 1.6; color: #222;\">\n<h1 style=\"font-size: 20pt; font-weight: 600; margin-bottom: 16px;\">Samsung Info Check \u2013 IMEI alap\u00fa garancia, aktiv\u00e1l\u00e1s \u00e9s r\u00e9gi\u00f3ellen\u0151rz\u00e9s<\/h1>\n<p style=\"margin-bottom: 20px;\">A <strong>Samsung Info Check<\/strong> seg\u00edts\u00e9g\u00e9vel n\u00e9h\u00e1ny m\u00e1sodperc alatt megtudhatod, hogy a k\u00e9sz\u00fcl\u00e9ked <em>garanci\u00e1lis-e<\/em>, melyik <em>orsz\u00e1gban\/r\u00e9gi\u00f3ban<\/em> \u00e9rt\u00e9kes\u00edtett\u00e9k, mikor t\u00f6rt\u00e9nt az <em>els\u0151 aktiv\u00e1l\u00e1s<\/em>, \u00e9s milyen <em>modell-\/vari\u00e1ns<\/em> adatokkal rendelkezik. A lek\u00e9rdez\u00e9s <strong>IMEI<\/strong> alapj\u00e1n t\u00f6rt\u00e9nik, megb\u00edzhat\u00f3 gy\u00e1rt\u00f3i \u00e9s partneradatb\u00e1zisokra t\u00e1maszkodva.<\/p>\n<h2 style=\"font-size: 17pt; margin-top: 25px;\">Mit tudsz kider\u00edteni?<\/h2>\n<ul style=\"margin-left: 20px; margin-bottom: 20px;\">\n<li class=\"MuiBox-root mui-1pvn7i9\"><span dir=\"auto\"><span dir=\"auto\">IMEI-sz\u00e1m<\/span><\/span><\/li>\n<li class=\"MuiBox-root mui-1pvn7i9\"><span dir=\"auto\"><span dir=\"auto\">Modell neve<\/span><\/span><\/li>\n<li class=\"MuiBox-root mui-1pvn7i9\"><span dir=\"auto\"><span dir=\"auto\">Gy\u00e1rt\u00e1si d\u00e1tum<\/span><\/span><\/li>\n<li class=\"MuiBox-root mui-1pvn7i9\"><span dir=\"auto\"><span dir=\"auto\">Modellsz\u00e1m<\/span><\/span><\/li>\n<li class=\"MuiBox-root mui-1pvn7i9\"><span dir=\"auto\"><span dir=\"auto\">CSC<\/span><\/span><\/li>\n<li class=\"MuiBox-root mui-1pvn7i9\"><span dir=\"auto\"><span dir=\"auto\">Orsz\u00e1g\/R\u00e9gi\u00f3<\/span><\/span><\/li>\n<li class=\"MuiBox-root mui-1pvn7i9\"><span dir=\"auto\"><span dir=\"auto\">Hordoz\u00f3<\/span><\/span><\/li>\n<li class=\"MuiBox-root mui-1pvn7i9\"><span dir=\"auto\"><span dir=\"auto\">Garancia<\/span><\/span><\/li>\n<li class=\"MuiBox-root mui-1pvn7i9\"><span dir=\"auto\"><span dir=\"auto\">Sorozatsz\u00e1m<\/span><\/span><\/li>\n<li class=\"MuiBox-root mui-1pvn7i9\"><span dir=\"auto\"><span dir=\"auto\">V\u00e1rhat\u00f3 j\u00f3t\u00e1ll\u00e1si lej\u00e1rati d\u00e1tum<\/span><\/span><\/li>\n<li class=\"MuiBox-root mui-1pvn7i9\"><span dir=\"auto\"><span dir=\"auto\">A telefon becs\u00fclt kora<\/span><\/span><\/li>\n<li class=\"MuiBox-root mui-1pvn7i9\"><span dir=\"auto\"><span dir=\"auto\">Gy\u00e1rt\u00e1si helysz\u00edn<\/span><\/span><\/li>\n<li class=\"MuiBox-root mui-1pvn7i9\"><span dir=\"auto\"><span dir=\"auto\">Gy\u00e1rt\u00f3sor<\/span><\/span><\/li>\n<\/ul>\n<h2 style=\"font-size: 17pt; margin-top: 25px;\">Hogyan m\u0171k\u00f6dik?<\/h2>\n<ol style=\"margin-left: 20px; margin-bottom: 20px;\">\n<li>Keresd meg a k\u00e9sz\u00fcl\u00e9k <strong>IMEI-sz\u00e1m\u00e1t<\/strong> (pl. <code>*#06#<\/code> be\u00fct\u00e9s\u00e9vel vagy a Be\u00e1ll\u00edt\u00e1sok \u2192 N\u00e9vjegy men\u00fcben).<\/li>\n<li>Add meg az IMEI-t az ellen\u0151rz\u0151 mez\u0151ben, majd ind\u00edtsd el a lek\u00e9rdez\u00e9st.<\/li>\n<li>P\u00e1r m\u00e1sodpercen bel\u00fcl megjelenik a r\u00e9szletes jelent\u00e9s: garancia, r\u00e9gi\u00f3, aktiv\u00e1l\u00e1s \u00e9s modellinform\u00e1ci\u00f3k.<\/li>\n<\/ol>\n<h2 style=\"font-size: 17pt; margin-top: 25px;\">Mi\u00e9rt \u00e9rdemes elv\u00e9gezni?<\/h2>\n<p>Haszn\u00e1lt <strong>Samsung<\/strong> k\u00e9sz\u00fcl\u00e9k v\u00e1s\u00e1rl\u00e1sa el\u0151tt kulcsfontoss\u00e1g\u00fa ellen\u0151rizni az eszk\u00f6z h\u00e1tter\u00e9t: <span style=\"color: #ce0645; font-weight: 600;\">eredet<\/span>, <span style=\"color: #ce0645; font-weight: 600;\">r\u00e9gi\u00f3<\/span>, <span style=\"color: #ce0645; font-weight: 600;\">garancia<\/span> \u00e9s <span style=\"color: #ce0645; font-weight: 600;\">aktiv\u00e1l\u00e1s<\/span>. Az <strong>Info Check<\/strong> seg\u00edt elker\u00fclni a r\u00e9gi\u00f3k\u00f3dos, nem hivatalos vagy garanci\u00e1n t\u00fali modelleket, \u00edgy magabiztos d\u00f6nt\u00e9st hozhatsz v\u00e1s\u00e1rl\u00e1s el\u0151tt.<\/p>\n<div style=\"background: #f9f9f9; border-left: 4px solid #ce0645; padding: 16px; border-radius: 6px; margin-top: 30px;\">\n<h2 style=\"font-size: 17pt; margin-top: 0;\">\u00d6sszefoglal\u00e1s<\/h2>\n<p style=\"margin: 0;\">A <strong>Samsung Info Check<\/strong> gyors, megb\u00edzhat\u00f3 k\u00e9pet ad a k\u00e9sz\u00fcl\u00e9k garanci\u00e1j\u00e1r\u00f3l, eredet\u00e9r\u0151l, els\u0151 aktiv\u00e1l\u00e1s\u00e1r\u00f3l \u00e9s r\u00e9gi\u00f3s hovatartoz\u00e1s\u00e1r\u00f3l. Ellen\u0151rizd most a Samsung k\u00e9sz\u00fcl\u00e9ked , \u00e9s gy\u0151z\u0151dj meg r\u00f3la, hogy minden adat rendben van.<\/p>\n<\/div>\n<\/div>\n<div style=\"text-align: center; margin-top: 15px;\"><button style=\"background: #ce0645; color: #fff; border: none; padding: 10px 20px; font-size: 14pt; border-radius: 8px; cursor: pointer; transition: background 0.2s;\"><br \/>\n&#x2b05; Vissza<br \/>\n<\/button><\/div>\n","protected":false},"excerpt":{"rendered":"<p>Samsung Info Check \u2013 IMEI alap\u00fa garancia, aktiv\u00e1l\u00e1s \u00e9s r\u00e9gi\u00f3ellen\u0151rz\u00e9s A Samsung Info Check seg\u00edts\u00e9g\u00e9vel n\u00e9h\u00e1ny m\u00e1sodperc alatt megtudhatod, hogy [&hellip;]<\/p>\n","protected":false},"featured_media":0,"comment_status":"open","ping_status":"closed","template":"","meta":{"site-sidebar-layout":"default","site-content-layout":"","ast-site-content-layout":"default","site-content-style":"default","site-sidebar-style":"default","ast-global-header-display":"","ast-banner-title-visibility":"","ast-main-header-display":"","ast-hfb-above-header-display":"","ast-hfb-below-header-display":"","ast-hfb-mobile-header-display":"","site-post-title":"","ast-breadcrumbs-content":"","ast-featured-img":"","footer-sml-layout":"","ast-disable-related-posts":"","theme-transparent-header-meta":"default","adv-header-id-meta":"","stick-header-meta":"","header-above-stick-meta":"","header-main-stick-meta":"","header-below-stick-meta":"","astra-migrate-meta-layouts":"set","ast-page-background-enabled":"default","ast-page-background-meta":{"desktop":{"background-color":"var(--ast-global-color-5)","background-image":"","background-repeat":"repeat","background-position":"center center","background-size":"auto","background-attachment":"scroll","background-type":"","background-media":"","overlay-type":"","overlay-color":"","overlay-opacity":"","overlay-gradient":""},"tablet":{"background-color":"","background-image":"","background-repeat":"repeat","background-position":"center center","background-size":"auto","background-attachment":"scroll","background-type":"","background-media":"","overlay-type":"","overlay-color":"","overlay-opacity":"","overlay-gradient":""},"mobile":{"background-color":"","background-image":"","background-repeat":"repeat","background-position":"center center","background-size":"auto","background-attachment":"scroll","background-type":"","background-media":"","overlay-type":"","overlay-color":"","overlay-opacity":"","overlay-gradient":""}},"ast-content-background-meta":{"desktop":{"background-color":"var(--ast-global-color-4)","background-image":"","background-repeat":"repeat","background-position":"center center","background-size":"auto","background-attachment":"scroll","background-type":"","background-media":"","overlay-type":"","overlay-color":"","overlay-opacity":"","overlay-gradient":""},"tablet":{"background-color":"var(--ast-global-color-4)","background-image":"","background-repeat":"repeat","background-position":"center center","background-size":"auto","background-attachment":"scroll","background-type":"","background-media":"","overlay-type":"","overlay-color":"","overlay-opacity":"","overlay-gradient":""},"mobile":{"background-color":"var(--ast-global-color-4)","background-image":"","background-repeat":"repeat","background-position":"center center","background-size":"auto","background-attachment":"scroll","background-type":"","background-media":"","overlay-type":"","overlay-color":"","overlay-opacity":"","overlay-gradient":""}}},"product_brand":[],"product_cat":[40],"product_tag":[],"class_list":{"0":"post-159","1":"product","2":"type-product","3":"status-publish","5":"product_cat-samsung","6":"desktop-align-left","7":"tablet-align-left","8":"mobile-align-left","10":"first","11":"instock","12":"shipping-taxable","13":"purchasable","14":"product-type-simple"},"yoast_head":"<!-- This site is optimized with the Yoast SEO plugin v27.5 - https:\/\/yoast.com\/product\/yoast-seo-wordpress\/ -->\n<title>Samsung garancia ellen\u0151rz\u00e9s - IMEI Ellen\u0151rz\u00e9s \u2013 Gyors, Pontos Inform\u00e1ci\u00f3<\/title>\n<meta name=\"description\" content=\"Ellen\u0151rizd Samsung k\u00e9sz\u00fcl\u00e9ked garanci\u00e1j\u00e1t, aktiv\u00e1l\u00e1s\u00e1t \u00e9s v\u00e1s\u00e1rl\u00e1si r\u00e9gi\u00f3j\u00e1t IMEI alapj\u00e1n. Gyors, pontos \u00e9s hivatalos Samsung Info Check a Fixity-t\u0151l.\" \/>\n<meta name=\"robots\" content=\"index, follow, max-snippet:-1, max-image-preview:large, max-video-preview:-1\" \/>\n<link rel=\"canonical\" href=\"https:\/\/xn--imeiellenrzs-leb76l.hu\/?product=samsung-ellenorzes\" \/>\n<meta property=\"og:locale\" content=\"hu_HU\" \/>\n<meta property=\"og:type\" content=\"article\" \/>\n<meta property=\"og:title\" content=\"Samsung garancia ellen\u0151rz\u00e9s - IMEI Ellen\u0151rz\u00e9s \u2013 Gyors, Pontos Inform\u00e1ci\u00f3\" \/>\n<meta property=\"og:description\" content=\"Ellen\u0151rizd Samsung k\u00e9sz\u00fcl\u00e9ked garanci\u00e1j\u00e1t, aktiv\u00e1l\u00e1s\u00e1t \u00e9s v\u00e1s\u00e1rl\u00e1si r\u00e9gi\u00f3j\u00e1t IMEI alapj\u00e1n. Gyors, pontos \u00e9s hivatalos Samsung Info Check a Fixity-t\u0151l.\" \/>\n<meta property=\"og:url\" content=\"https:\/\/xn--imeiellenrzs-leb76l.hu\/?product=samsung-ellenorzes\" \/>\n<meta property=\"og:site_name\" content=\"IMEI Ellen\u0151rz\u00e9s \u2013 Gyors, Pontos Inform\u00e1ci\u00f3\" \/>\n<meta property=\"article:publisher\" content=\"https:\/\/www.facebook.com\/fixity.hu\" \/>\n<meta property=\"article:modified_time\" content=\"2026-04-17T18:27:21+00:00\" \/>\n<meta property=\"og:image\" content=\"https:\/\/xn--imeiellenrzs-leb76l.hu\/wp-content\/uploads\/2025\/12\/Samsung-ellenorzes.png\" \/>\n\t<meta property=\"og:image:width\" content=\"1024\" \/>\n\t<meta property=\"og:image:height\" content=\"1024\" \/>\n\t<meta property=\"og:image:type\" content=\"image\/png\" \/>\n<meta name=\"twitter:card\" content=\"summary_large_image\" \/>\n<meta name=\"twitter:label1\" content=\"Becs\u00fclt olvas\u00e1si id\u0151\" \/>\n\t<meta name=\"twitter:data1\" content=\"2 perc\" \/>\n<script type=\"application\/ld+json\" class=\"yoast-schema-graph\">{\"@context\":\"https:\\\/\\\/schema.org\",\"@graph\":[{\"@type\":\"WebPage\",\"@id\":\"https:\\\/\\\/xn--imeiellenrzs-leb76l.hu\\\/?product=samsung-ellenorzes\",\"url\":\"https:\\\/\\\/xn--imeiellenrzs-leb76l.hu\\\/?product=samsung-ellenorzes\",\"name\":\"Samsung garancia ellen\u0151rz\u00e9s - IMEI Ellen\u0151rz\u00e9s \u2013 Gyors, Pontos Inform\u00e1ci\u00f3\",\"isPartOf\":{\"@id\":\"https:\\\/\\\/xn--imeiellenrzs-leb76l.hu\\\/#website\"},\"datePublished\":\"2025-12-07T14:04:33+00:00\",\"dateModified\":\"2026-04-17T18:27:21+00:00\",\"description\":\"Ellen\u0151rizd Samsung k\u00e9sz\u00fcl\u00e9ked garanci\u00e1j\u00e1t, aktiv\u00e1l\u00e1s\u00e1t \u00e9s v\u00e1s\u00e1rl\u00e1si r\u00e9gi\u00f3j\u00e1t IMEI alapj\u00e1n. Gyors, pontos \u00e9s hivatalos Samsung Info Check a Fixity-t\u0151l.\",\"breadcrumb\":{\"@id\":\"https:\\\/\\\/xn--imeiellenrzs-leb76l.hu\\\/?product=samsung-ellenorzes#breadcrumb\"},\"inLanguage\":\"hu\",\"potentialAction\":[{\"@type\":\"ReadAction\",\"target\":[\"https:\\\/\\\/xn--imeiellenrzs-leb76l.hu\\\/?product=samsung-ellenorzes\"]}]},{\"@type\":\"BreadcrumbList\",\"@id\":\"https:\\\/\\\/xn--imeiellenrzs-leb76l.hu\\\/?product=samsung-ellenorzes#breadcrumb\",\"itemListElement\":[{\"@type\":\"ListItem\",\"position\":1,\"name\":\"Kezd\u0151lap\",\"item\":\"https:\\\/\\\/xn--imeiellenrzs-leb76l.hu\\\/\"},{\"@type\":\"ListItem\",\"position\":2,\"name\":\"Term\u00e9kek\",\"item\":\"https:\\\/\\\/xn--imeiellenrzs-leb76l.hu\\\/?post_type=product\"},{\"@type\":\"ListItem\",\"position\":3,\"name\":\"Samsung garancia ellen\u0151rz\u00e9s\"}]},{\"@type\":\"WebSite\",\"@id\":\"https:\\\/\\\/xn--imeiellenrzs-leb76l.hu\\\/#website\",\"url\":\"https:\\\/\\\/xn--imeiellenrzs-leb76l.hu\\\/\",\"name\":\"Imeiellen\u0151rz\u00e9s\",\"description\":\"Telefonod adatai IMEI alapj\u00e1n \u2013 gyors \u00e9s megb\u00edzhat\u00f3 ellen\u0151rz\u00e9s.\",\"potentialAction\":[{\"@type\":\"SearchAction\",\"target\":{\"@type\":\"EntryPoint\",\"urlTemplate\":\"https:\\\/\\\/xn--imeiellenrzs-leb76l.hu\\\/?s={search_term_string}\"},\"query-input\":{\"@type\":\"PropertyValueSpecification\",\"valueRequired\":true,\"valueName\":\"search_term_string\"}}],\"inLanguage\":\"hu\"}]}<\/script>\n<!-- \/ Yoast SEO plugin. -->","yoast_head_json":{"title":"Samsung garancia ellen\u0151rz\u00e9s - IMEI Ellen\u0151rz\u00e9s \u2013 Gyors, Pontos Inform\u00e1ci\u00f3","description":"Ellen\u0151rizd Samsung k\u00e9sz\u00fcl\u00e9ked garanci\u00e1j\u00e1t, aktiv\u00e1l\u00e1s\u00e1t \u00e9s v\u00e1s\u00e1rl\u00e1si r\u00e9gi\u00f3j\u00e1t IMEI alapj\u00e1n. Gyors, pontos \u00e9s hivatalos Samsung Info Check a Fixity-t\u0151l.","robots":{"index":"index","follow":"follow","max-snippet":"max-snippet:-1","max-image-preview":"max-image-preview:large","max-video-preview":"max-video-preview:-1"},"canonical":"https:\/\/xn--imeiellenrzs-leb76l.hu\/?product=samsung-ellenorzes","og_locale":"hu_HU","og_type":"article","og_title":"Samsung garancia ellen\u0151rz\u00e9s - IMEI Ellen\u0151rz\u00e9s \u2013 Gyors, Pontos Inform\u00e1ci\u00f3","og_description":"Ellen\u0151rizd Samsung k\u00e9sz\u00fcl\u00e9ked garanci\u00e1j\u00e1t, aktiv\u00e1l\u00e1s\u00e1t \u00e9s v\u00e1s\u00e1rl\u00e1si r\u00e9gi\u00f3j\u00e1t IMEI alapj\u00e1n. Gyors, pontos \u00e9s hivatalos Samsung Info Check a Fixity-t\u0151l.","og_url":"https:\/\/xn--imeiellenrzs-leb76l.hu\/?product=samsung-ellenorzes","og_site_name":"IMEI Ellen\u0151rz\u00e9s \u2013 Gyors, Pontos Inform\u00e1ci\u00f3","article_publisher":"https:\/\/www.facebook.com\/fixity.hu","article_modified_time":"2026-04-17T18:27:21+00:00","og_image":[{"width":1024,"height":1024,"url":"https:\/\/xn--imeiellenrzs-leb76l.hu\/wp-content\/uploads\/2025\/12\/Samsung-ellenorzes.png","type":"image\/png"}],"twitter_card":"summary_large_image","twitter_misc":{"Becs\u00fclt olvas\u00e1si id\u0151":"2 perc"},"schema":{"@context":"https:\/\/schema.org","@graph":[{"@type":"WebPage","@id":"https:\/\/xn--imeiellenrzs-leb76l.hu\/?product=samsung-ellenorzes","url":"https:\/\/xn--imeiellenrzs-leb76l.hu\/?product=samsung-ellenorzes","name":"Samsung garancia ellen\u0151rz\u00e9s - IMEI Ellen\u0151rz\u00e9s \u2013 Gyors, Pontos Inform\u00e1ci\u00f3","isPartOf":{"@id":"https:\/\/xn--imeiellenrzs-leb76l.hu\/#website"},"datePublished":"2025-12-07T14:04:33+00:00","dateModified":"2026-04-17T18:27:21+00:00","description":"Ellen\u0151rizd Samsung k\u00e9sz\u00fcl\u00e9ked garanci\u00e1j\u00e1t, aktiv\u00e1l\u00e1s\u00e1t \u00e9s v\u00e1s\u00e1rl\u00e1si r\u00e9gi\u00f3j\u00e1t IMEI alapj\u00e1n. Gyors, pontos \u00e9s hivatalos Samsung Info Check a Fixity-t\u0151l.","breadcrumb":{"@id":"https:\/\/xn--imeiellenrzs-leb76l.hu\/?product=samsung-ellenorzes#breadcrumb"},"inLanguage":"hu","potentialAction":[{"@type":"ReadAction","target":["https:\/\/xn--imeiellenrzs-leb76l.hu\/?product=samsung-ellenorzes"]}]},{"@type":"BreadcrumbList","@id":"https:\/\/xn--imeiellenrzs-leb76l.hu\/?product=samsung-ellenorzes#breadcrumb","itemListElement":[{"@type":"ListItem","position":1,"name":"Kezd\u0151lap","item":"https:\/\/xn--imeiellenrzs-leb76l.hu\/"},{"@type":"ListItem","position":2,"name":"Term\u00e9kek","item":"https:\/\/xn--imeiellenrzs-leb76l.hu\/?post_type=product"},{"@type":"ListItem","position":3,"name":"Samsung garancia ellen\u0151rz\u00e9s"}]},{"@type":"WebSite","@id":"https:\/\/xn--imeiellenrzs-leb76l.hu\/#website","url":"https:\/\/xn--imeiellenrzs-leb76l.hu\/","name":"Imeiellen\u0151rz\u00e9s","description":"Telefonod adatai IMEI alapj\u00e1n \u2013 gyors \u00e9s megb\u00edzhat\u00f3 ellen\u0151rz\u00e9s.","potentialAction":[{"@type":"SearchAction","target":{"@type":"EntryPoint","urlTemplate":"https:\/\/xn--imeiellenrzs-leb76l.hu\/?s={search_term_string}"},"query-input":{"@type":"PropertyValueSpecification","valueRequired":true,"valueName":"search_term_string"}}],"inLanguage":"hu"}]}},"_links":{"self":[{"href":"https:\/\/xn--imeiellenrzs-leb76l.hu\/index.php?rest_route=\/wp\/v2\/product\/159","targetHints":{"allow":["GET"]}}],"collection":[{"href":"https:\/\/xn--imeiellenrzs-leb76l.hu\/index.php?rest_route=\/wp\/v2\/product"}],"about":[{"href":"https:\/\/xn--imeiellenrzs-leb76l.hu\/index.php?rest_route=\/wp\/v2\/types\/product"}],"replies":[{"embeddable":true,"href":"https:\/\/xn--imeiellenrzs-leb76l.hu\/index.php?rest_route=%2Fwp%2Fv2%2Fcomments&post=159"}],"wp:attachment":[{"href":"https:\/\/xn--imeiellenrzs-leb76l.hu\/index.php?rest_route=%2Fwp%2Fv2%2Fmedia&parent=159"}],"wp:term":[{"taxonomy":"product_brand","embeddable":true,"href":"https:\/\/xn--imeiellenrzs-leb76l.hu\/index.php?rest_route=%2Fwp%2Fv2%2Fproduct_brand&post=159"},{"taxonomy":"product_cat","embeddable":true,"href":"https:\/\/xn--imeiellenrzs-leb76l.hu\/index.php?rest_route=%2Fwp%2Fv2%2Fproduct_cat&post=159"},{"taxonomy":"product_tag","embeddable":true,"href":"https:\/\/xn--imeiellenrzs-leb76l.hu\/index.php?rest_route=%2Fwp%2Fv2%2Fproduct_tag&post=159"}],"curies":[{"name":"wp","href":"https:\/\/api.w.org\/{rel}","templated":true}]}}