{"id":154,"date":"2025-12-07T13:59:20","date_gmt":"2025-12-07T13:59:20","guid":{"rendered":"https:\/\/xn--imeiellenrzs-leb76l.hu\/?post_type=product&#038;p=154"},"modified":"2026-04-17T18:36:13","modified_gmt":"2026-04-17T18:36:13","slug":"huawei-ellenorzes","status":"publish","type":"product","link":"https:\/\/xn--imeiellenrzs-leb76l.hu\/?product=huawei-ellenorzes","title":{"rendered":"Huawei garanciaellen\u0151rz\u00e9s"},"content":{"rendered":"<p><!-- SEO adatok --><\/p>\n<div style=\"font-size: 14pt; line-height: 1.7;\">\n<h1>Huawei garancia ellen\u0151rz\u00e9s \u2013 J\u00f3t\u00e1ll\u00e1si t\u00edpusok \u00e9s lej\u00e1rati adatok<\/h1>\n<p>A garancia kulcsfontoss\u00e1g\u00fa szerepet j\u00e1tszik egy okostelefon \u00e9rt\u00e9k\u00e9ben \u00e9s biztons\u00e1gos haszn\u00e1lat\u00e1ban.<br \/>\nEgy \u00faj Huawei k\u00e9sz\u00fcl\u00e9k v\u00e1s\u00e1rl\u00e1sakor joggal v\u00e1rjuk el, hogy vil\u00e1gos felt\u00e9telek vonatkozzanak a<br \/>\n<strong>jav\u00edt\u00e1sra, cser\u00e9re vagy visszak\u00fcld\u00e9sre<\/strong>. A Huawei t\u00f6bbf\u00e9le j\u00f3t\u00e1ll\u00e1si t\u00edpust k\u00edn\u00e1l,<br \/>\namelyek nemcsak id\u0151tartamukban, hanem a jogosults\u00e1gokban is elt\u00e9rhetnek.<\/p>\n<p>Gyakori probl\u00e9ma, hogy a <strong>sz\u00e1mla elveszik<\/strong>, vagy egyszer\u0171en elfelejtj\u00fck,<br \/>\nmikor j\u00e1r le a garancia. A Fixity megold\u00e1s\u00e1val azonban ez t\u00f6bb\u00e9 nem jelent gondot:<br \/>\na k\u00e9sz\u00fcl\u00e9k <strong>garanci\u00e1lis \u00e1llapota \u00e9s t\u00edpusa<\/strong> gyorsan ellen\u0151rizhet\u0151,<br \/>\nak\u00e1r haszn\u00e1lt Huawei telefon v\u00e1s\u00e1rl\u00e1sa el\u0151tt is.<\/p>\n<h2>Huawei j\u00f3t\u00e1ll\u00e1si t\u00edpusok \u00e1ttekint\u00e9se<\/h2>\n<p>A Huawei k\u00fcl\u00f6nb\u00f6z\u0151 j\u00f3t\u00e1ll\u00e1si konstrukci\u00f3kat alkalmaz. Ezek egy r\u00e9sze klasszikus id\u0151alap\u00fa garancia,<br \/>\nm\u00edg m\u00e1sok csere- vagy visszak\u00fcld\u00e9si lehet\u0151s\u00e9get biztos\u00edtanak meghat\u00e1rozott id\u0151n bel\u00fcl.<\/p>\n<h3>Id\u0151szakos garancia<\/h3>\n<ul>\n<li>1 \u00e9v \u2013 BS03000001<\/li>\n<li>2 \u00e9v \u2013 BS03000002<\/li>\n<\/ul>\n<h3>Cseregarancia t\u00edpusok<\/h3>\n<ul>\n<li>7 nap \u2013 BS02000009<\/li>\n<li>14 nap \u2013 BS02000010<\/li>\n<li>15 nap \u2013 BS02000001<\/li>\n<li>28 nap \u2013 BS02000012<\/li>\n<li>365 nap \u2013 BS02000161<\/li>\n<\/ul>\n<h3>Visszak\u00fcld\u00e9si lehet\u0151s\u00e9gek<\/h3>\n<ul>\n<li>7 nap \u2013 BS01000001<\/li>\n<li>14 nap \u2013 BS01000010<\/li>\n<li>15 nap \u2013 BS0100000<\/li>\n<li>28 nap \u2013 BS01000012<\/li>\n<li>365 nap \u2013 BS01000160<\/li>\n<\/ul>\n<p>Bizonyos esetekben a j\u00f3t\u00e1ll\u00e1s <strong>nem a teljes k\u00e9sz\u00fcl\u00e9kre<\/strong>, hanem csak egyes r\u00e9szegys\u00e9gekre<br \/>\n(p\u00e9ld\u00e1ul kijelz\u0151, t\u00f6lt\u0151, headset) vonatkozik. Ez a szolg\u00e1ltat\u00f3val vagy \u00e9rt\u00e9kes\u00edt\u0151vel k\u00f6t\u00f6tt<br \/>\nszerz\u0151d\u00e9s felt\u00e9teleit\u0151l f\u00fcgg.<\/p>\n<h2>Milyen adatokat tudsz ellen\u0151rizni?<\/h2>\n<p>A garancia-, sorozatsz\u00e1m- \u00e9s orsz\u00e1gellen\u0151rz\u00e9s sor\u00e1n az al\u00e1bbi inform\u00e1ci\u00f3k \u00e9rhet\u0151k el:<\/p>\n<ul>\n<li><strong>M\u00e1rka \u00e9s modell<\/strong><\/li>\n<li><strong>IMEI \u00e9s sorozatsz\u00e1m<\/strong> \u2013 a k\u00e9sz\u00fcl\u00e9k hiteless\u00e9g\u00e9nek ellen\u0151rz\u00e9s\u00e9hez<\/li>\n<li><strong>J\u00f3t\u00e1ll\u00e1s t\u00edpusa \u00e9s \u00e1llapota<\/strong><\/li>\n<li><strong>\u00c9rv\u00e9nyess\u00e9g orsz\u00e1g szerint<\/strong><\/li>\n<li><strong>Garancia kezd\u0151 \u00e9s befejez\u0151 d\u00e1tuma<\/strong><\/li>\n<li><strong>K\u00f6t\u00e9si d\u00e1tum<\/strong><\/li>\n<li><strong>Szolg\u00e1ltat\u00e1sk\u00f3d \u00e9s szolg\u00e1ltat\u00e1s megnevez\u00e9se<\/strong><\/li>\n<\/ul>\n<p>Ezek az adatok seg\u00edtenek eld\u00f6nteni, hogy a Huawei k\u00e9sz\u00fcl\u00e9k m\u00e9g<br \/>\n<strong>garanci\u00e1lis v\u00e9delem alatt \u00e1ll-e<\/strong>, \u00e9s pontosan milyen felt\u00e9telekkel.<\/p>\n<h2>Hogyan ellen\u0151rizheted a Huawei garanci\u00e1t?<\/h2>\n<ol>\n<li>K\u00e9sz\u00edtsd el\u0151 a Huawei telefonod <strong>IMEI sz\u00e1m\u00e1t<\/strong>.<\/li>\n<li>\u00cdrd be az IMEI-t az ellen\u0151rz\u00e9shez szolg\u00e1l\u00f3 mez\u0151be.<\/li>\n<li>Ind\u00edtsd el az ellen\u0151rz\u00e9st.<\/li>\n<li>Tekintsd meg a k\u00e9sz\u00fcl\u00e9k <strong>garanci\u00e1lis \u00e9s azonos\u00edt\u00e1si adatait<\/strong>.<\/li>\n<\/ol>\n<div style=\"border: 1px solid #e6e6e6; padding: 14px; border-radius: 10px; margin-top: 14px;\">\n<p style=\"margin: 0;\"><strong>Fixity tipp:<\/strong><br \/>\nHaszn\u00e1lt Huawei telefon v\u00e1s\u00e1rl\u00e1sa el\u0151tt mindig ellen\u0151rizd a garancia t\u00edpus\u00e1t \u00e9s lej\u00e1rat\u00e1t,<br \/>\n\u00edgy elker\u00fclhet\u0151k a k\u00e9s\u0151bbi f\u00e9lre\u00e9rt\u00e9sek \u00e9s kellemetlen meglepet\u00e9sek.<\/p>\n<\/div>\n<p style=\"font-size: 13px; color: #666; margin-top: 12px;\">Megjegyz\u00e9s: A j\u00f3t\u00e1ll\u00e1si adatok Huawei modellenk\u00e9nt, r\u00e9gi\u00f3nk\u00e9nt \u00e9s \u00e9rt\u00e9kes\u00edt\u00e9si csatorn\u00e1nk\u00e9nt elt\u00e9rhetnek.<\/p>\n<\/div>\n","protected":false},"excerpt":{"rendered":"<p>Huawei garancia ellen\u0151rz\u00e9s \u2013 J\u00f3t\u00e1ll\u00e1si t\u00edpusok \u00e9s lej\u00e1rati adatok A garancia kulcsfontoss\u00e1g\u00fa szerepet j\u00e1tszik egy okostelefon \u00e9rt\u00e9k\u00e9ben \u00e9s biztons\u00e1gos haszn\u00e1lat\u00e1ban. [&hellip;]<\/p>\n","protected":false},"featured_media":0,"comment_status":"open","ping_status":"closed","template":"","meta":{"site-sidebar-layout":"default","site-content-layout":"","ast-site-content-layout":"default","site-content-style":"default","site-sidebar-style":"default","ast-global-header-display":"","ast-banner-title-visibility":"","ast-main-header-display":"","ast-hfb-above-header-display":"","ast-hfb-below-header-display":"","ast-hfb-mobile-header-display":"","site-post-title":"","ast-breadcrumbs-content":"","ast-featured-img":"","footer-sml-layout":"","ast-disable-related-posts":"","theme-transparent-header-meta":"default","adv-header-id-meta":"","stick-header-meta":"","header-above-stick-meta":"","header-main-stick-meta":"","header-below-stick-meta":"","astra-migrate-meta-layouts":"set","ast-page-background-enabled":"default","ast-page-background-meta":{"desktop":{"background-color":"var(--ast-global-color-5)","background-image":"","background-repeat":"repeat","background-position":"center center","background-size":"auto","background-attachment":"scroll","background-type":"","background-media":"","overlay-type":"","overlay-color":"","overlay-opacity":"","overlay-gradient":""},"tablet":{"background-color":"","background-image":"","background-repeat":"repeat","background-position":"center center","background-size":"auto","background-attachment":"scroll","background-type":"","background-media":"","overlay-type":"","overlay-color":"","overlay-opacity":"","overlay-gradient":""},"mobile":{"background-color":"","background-image":"","background-repeat":"repeat","background-position":"center center","background-size":"auto","background-attachment":"scroll","background-type":"","background-media":"","overlay-type":"","overlay-color":"","overlay-opacity":"","overlay-gradient":""}},"ast-content-background-meta":{"desktop":{"background-color":"var(--ast-global-color-4)","background-image":"","background-repeat":"repeat","background-position":"center center","background-size":"auto","background-attachment":"scroll","background-type":"","background-media":"","overlay-type":"","overlay-color":"","overlay-opacity":"","overlay-gradient":""},"tablet":{"background-color":"var(--ast-global-color-4)","background-image":"","background-repeat":"repeat","background-position":"center center","background-size":"auto","background-attachment":"scroll","background-type":"","background-media":"","overlay-type":"","overlay-color":"","overlay-opacity":"","overlay-gradient":""},"mobile":{"background-color":"var(--ast-global-color-4)","background-image":"","background-repeat":"repeat","background-position":"center center","background-size":"auto","background-attachment":"scroll","background-type":"","background-media":"","overlay-type":"","overlay-color":"","overlay-opacity":"","overlay-gradient":""}}},"product_brand":[],"product_cat":[35],"product_tag":[],"class_list":{"0":"post-154","1":"product","2":"type-product","3":"status-publish","5":"product_cat-huawei","6":"desktop-align-left","7":"tablet-align-left","8":"mobile-align-left","10":"first","11":"instock","12":"shipping-taxable","13":"purchasable","14":"product-type-simple"},"yoast_head":"<!-- This site is optimized with the Yoast SEO plugin v27.5 - https:\/\/yoast.com\/product\/yoast-seo-wordpress\/ -->\n<title>Huawei garanciaellen\u0151rz\u00e9s - IMEI Ellen\u0151rz\u00e9s \u2013 Gyors, Pontos Inform\u00e1ci\u00f3<\/title>\n<meta name=\"description\" content=\"Ellen\u0151rizd Huawei k\u00e9sz\u00fcl\u00e9ked garanci\u00e1j\u00e1t, v\u00e1s\u00e1rl\u00e1si orsz\u00e1g\u00e1t \u00e9s h\u00e1l\u00f3zati st\u00e1tusz\u00e1t. A Fixity Huawei Info Check pontos IMEI-alap\u00fa adatokkal seg\u00edt elker\u00fclni a tilt\u00f3list\u00e1s vagy hamis telefonokat.\" \/>\n<meta name=\"robots\" content=\"index, follow, max-snippet:-1, max-image-preview:large, max-video-preview:-1\" \/>\n<link rel=\"canonical\" href=\"https:\/\/xn--imeiellenrzs-leb76l.hu\/?product=huawei-ellenorzes\" \/>\n<meta property=\"og:locale\" content=\"hu_HU\" \/>\n<meta property=\"og:type\" content=\"article\" \/>\n<meta property=\"og:title\" content=\"Huawei garanciaellen\u0151rz\u00e9s - IMEI Ellen\u0151rz\u00e9s \u2013 Gyors, Pontos Inform\u00e1ci\u00f3\" \/>\n<meta property=\"og:description\" content=\"Ellen\u0151rizd Huawei k\u00e9sz\u00fcl\u00e9ked garanci\u00e1j\u00e1t, v\u00e1s\u00e1rl\u00e1si orsz\u00e1g\u00e1t \u00e9s h\u00e1l\u00f3zati st\u00e1tusz\u00e1t. A Fixity Huawei Info Check pontos IMEI-alap\u00fa adatokkal seg\u00edt elker\u00fclni a tilt\u00f3list\u00e1s vagy hamis telefonokat.\" \/>\n<meta property=\"og:url\" content=\"https:\/\/xn--imeiellenrzs-leb76l.hu\/?product=huawei-ellenorzes\" \/>\n<meta property=\"og:site_name\" content=\"IMEI Ellen\u0151rz\u00e9s \u2013 Gyors, Pontos Inform\u00e1ci\u00f3\" \/>\n<meta property=\"article:publisher\" content=\"https:\/\/www.facebook.com\/fixity.hu\" \/>\n<meta property=\"article:modified_time\" content=\"2026-04-17T18:36:13+00:00\" \/>\n<meta property=\"og:image\" content=\"https:\/\/xn--imeiellenrzs-leb76l.hu\/wp-content\/uploads\/2025\/12\/Huawei-ellenorzes.png\" \/>\n\t<meta property=\"og:image:width\" content=\"1024\" \/>\n\t<meta property=\"og:image:height\" content=\"1536\" \/>\n\t<meta property=\"og:image:type\" content=\"image\/png\" \/>\n<meta name=\"twitter:card\" content=\"summary_large_image\" \/>\n<meta name=\"twitter:label1\" content=\"Becs\u00fclt olvas\u00e1si id\u0151\" \/>\n\t<meta name=\"twitter:data1\" content=\"2 perc\" \/>\n<script type=\"application\/ld+json\" class=\"yoast-schema-graph\">{\"@context\":\"https:\\\/\\\/schema.org\",\"@graph\":[{\"@type\":\"WebPage\",\"@id\":\"https:\\\/\\\/xn--imeiellenrzs-leb76l.hu\\\/?product=huawei-ellenorzes\",\"url\":\"https:\\\/\\\/xn--imeiellenrzs-leb76l.hu\\\/?product=huawei-ellenorzes\",\"name\":\"Huawei garanciaellen\u0151rz\u00e9s - IMEI Ellen\u0151rz\u00e9s \u2013 Gyors, Pontos Inform\u00e1ci\u00f3\",\"isPartOf\":{\"@id\":\"https:\\\/\\\/xn--imeiellenrzs-leb76l.hu\\\/#website\"},\"datePublished\":\"2025-12-07T13:59:20+00:00\",\"dateModified\":\"2026-04-17T18:36:13+00:00\",\"description\":\"Ellen\u0151rizd Huawei k\u00e9sz\u00fcl\u00e9ked garanci\u00e1j\u00e1t, v\u00e1s\u00e1rl\u00e1si orsz\u00e1g\u00e1t \u00e9s h\u00e1l\u00f3zati st\u00e1tusz\u00e1t. A Fixity Huawei Info Check pontos IMEI-alap\u00fa adatokkal seg\u00edt elker\u00fclni a tilt\u00f3list\u00e1s vagy hamis telefonokat.\",\"breadcrumb\":{\"@id\":\"https:\\\/\\\/xn--imeiellenrzs-leb76l.hu\\\/?product=huawei-ellenorzes#breadcrumb\"},\"inLanguage\":\"hu\",\"potentialAction\":[{\"@type\":\"ReadAction\",\"target\":[\"https:\\\/\\\/xn--imeiellenrzs-leb76l.hu\\\/?product=huawei-ellenorzes\"]}]},{\"@type\":\"BreadcrumbList\",\"@id\":\"https:\\\/\\\/xn--imeiellenrzs-leb76l.hu\\\/?product=huawei-ellenorzes#breadcrumb\",\"itemListElement\":[{\"@type\":\"ListItem\",\"position\":1,\"name\":\"Kezd\u0151lap\",\"item\":\"https:\\\/\\\/xn--imeiellenrzs-leb76l.hu\\\/\"},{\"@type\":\"ListItem\",\"position\":2,\"name\":\"Term\u00e9kek\",\"item\":\"https:\\\/\\\/xn--imeiellenrzs-leb76l.hu\\\/?post_type=product\"},{\"@type\":\"ListItem\",\"position\":3,\"name\":\"Huawei garanciaellen\u0151rz\u00e9s\"}]},{\"@type\":\"WebSite\",\"@id\":\"https:\\\/\\\/xn--imeiellenrzs-leb76l.hu\\\/#website\",\"url\":\"https:\\\/\\\/xn--imeiellenrzs-leb76l.hu\\\/\",\"name\":\"Imeiellen\u0151rz\u00e9s\",\"description\":\"Telefonod adatai IMEI alapj\u00e1n \u2013 gyors \u00e9s megb\u00edzhat\u00f3 ellen\u0151rz\u00e9s.\",\"potentialAction\":[{\"@type\":\"SearchAction\",\"target\":{\"@type\":\"EntryPoint\",\"urlTemplate\":\"https:\\\/\\\/xn--imeiellenrzs-leb76l.hu\\\/?s={search_term_string}\"},\"query-input\":{\"@type\":\"PropertyValueSpecification\",\"valueRequired\":true,\"valueName\":\"search_term_string\"}}],\"inLanguage\":\"hu\"}]}<\/script>\n<!-- \/ Yoast SEO plugin. -->","yoast_head_json":{"title":"Huawei garanciaellen\u0151rz\u00e9s - IMEI Ellen\u0151rz\u00e9s \u2013 Gyors, Pontos Inform\u00e1ci\u00f3","description":"Ellen\u0151rizd Huawei k\u00e9sz\u00fcl\u00e9ked garanci\u00e1j\u00e1t, v\u00e1s\u00e1rl\u00e1si orsz\u00e1g\u00e1t \u00e9s h\u00e1l\u00f3zati st\u00e1tusz\u00e1t. A Fixity Huawei Info Check pontos IMEI-alap\u00fa adatokkal seg\u00edt elker\u00fclni a tilt\u00f3list\u00e1s vagy hamis telefonokat.","robots":{"index":"index","follow":"follow","max-snippet":"max-snippet:-1","max-image-preview":"max-image-preview:large","max-video-preview":"max-video-preview:-1"},"canonical":"https:\/\/xn--imeiellenrzs-leb76l.hu\/?product=huawei-ellenorzes","og_locale":"hu_HU","og_type":"article","og_title":"Huawei garanciaellen\u0151rz\u00e9s - IMEI Ellen\u0151rz\u00e9s \u2013 Gyors, Pontos Inform\u00e1ci\u00f3","og_description":"Ellen\u0151rizd Huawei k\u00e9sz\u00fcl\u00e9ked garanci\u00e1j\u00e1t, v\u00e1s\u00e1rl\u00e1si orsz\u00e1g\u00e1t \u00e9s h\u00e1l\u00f3zati st\u00e1tusz\u00e1t. A Fixity Huawei Info Check pontos IMEI-alap\u00fa adatokkal seg\u00edt elker\u00fclni a tilt\u00f3list\u00e1s vagy hamis telefonokat.","og_url":"https:\/\/xn--imeiellenrzs-leb76l.hu\/?product=huawei-ellenorzes","og_site_name":"IMEI Ellen\u0151rz\u00e9s \u2013 Gyors, Pontos Inform\u00e1ci\u00f3","article_publisher":"https:\/\/www.facebook.com\/fixity.hu","article_modified_time":"2026-04-17T18:36:13+00:00","og_image":[{"width":1024,"height":1536,"url":"https:\/\/xn--imeiellenrzs-leb76l.hu\/wp-content\/uploads\/2025\/12\/Huawei-ellenorzes.png","type":"image\/png"}],"twitter_card":"summary_large_image","twitter_misc":{"Becs\u00fclt olvas\u00e1si id\u0151":"2 perc"},"schema":{"@context":"https:\/\/schema.org","@graph":[{"@type":"WebPage","@id":"https:\/\/xn--imeiellenrzs-leb76l.hu\/?product=huawei-ellenorzes","url":"https:\/\/xn--imeiellenrzs-leb76l.hu\/?product=huawei-ellenorzes","name":"Huawei garanciaellen\u0151rz\u00e9s - IMEI Ellen\u0151rz\u00e9s \u2013 Gyors, Pontos Inform\u00e1ci\u00f3","isPartOf":{"@id":"https:\/\/xn--imeiellenrzs-leb76l.hu\/#website"},"datePublished":"2025-12-07T13:59:20+00:00","dateModified":"2026-04-17T18:36:13+00:00","description":"Ellen\u0151rizd Huawei k\u00e9sz\u00fcl\u00e9ked garanci\u00e1j\u00e1t, v\u00e1s\u00e1rl\u00e1si orsz\u00e1g\u00e1t \u00e9s h\u00e1l\u00f3zati st\u00e1tusz\u00e1t. A Fixity Huawei Info Check pontos IMEI-alap\u00fa adatokkal seg\u00edt elker\u00fclni a tilt\u00f3list\u00e1s vagy hamis telefonokat.","breadcrumb":{"@id":"https:\/\/xn--imeiellenrzs-leb76l.hu\/?product=huawei-ellenorzes#breadcrumb"},"inLanguage":"hu","potentialAction":[{"@type":"ReadAction","target":["https:\/\/xn--imeiellenrzs-leb76l.hu\/?product=huawei-ellenorzes"]}]},{"@type":"BreadcrumbList","@id":"https:\/\/xn--imeiellenrzs-leb76l.hu\/?product=huawei-ellenorzes#breadcrumb","itemListElement":[{"@type":"ListItem","position":1,"name":"Kezd\u0151lap","item":"https:\/\/xn--imeiellenrzs-leb76l.hu\/"},{"@type":"ListItem","position":2,"name":"Term\u00e9kek","item":"https:\/\/xn--imeiellenrzs-leb76l.hu\/?post_type=product"},{"@type":"ListItem","position":3,"name":"Huawei garanciaellen\u0151rz\u00e9s"}]},{"@type":"WebSite","@id":"https:\/\/xn--imeiellenrzs-leb76l.hu\/#website","url":"https:\/\/xn--imeiellenrzs-leb76l.hu\/","name":"Imeiellen\u0151rz\u00e9s","description":"Telefonod adatai IMEI alapj\u00e1n \u2013 gyors \u00e9s megb\u00edzhat\u00f3 ellen\u0151rz\u00e9s.","potentialAction":[{"@type":"SearchAction","target":{"@type":"EntryPoint","urlTemplate":"https:\/\/xn--imeiellenrzs-leb76l.hu\/?s={search_term_string}"},"query-input":{"@type":"PropertyValueSpecification","valueRequired":true,"valueName":"search_term_string"}}],"inLanguage":"hu"}]}},"_links":{"self":[{"href":"https:\/\/xn--imeiellenrzs-leb76l.hu\/index.php?rest_route=\/wp\/v2\/product\/154","targetHints":{"allow":["GET"]}}],"collection":[{"href":"https:\/\/xn--imeiellenrzs-leb76l.hu\/index.php?rest_route=\/wp\/v2\/product"}],"about":[{"href":"https:\/\/xn--imeiellenrzs-leb76l.hu\/index.php?rest_route=\/wp\/v2\/types\/product"}],"replies":[{"embeddable":true,"href":"https:\/\/xn--imeiellenrzs-leb76l.hu\/index.php?rest_route=%2Fwp%2Fv2%2Fcomments&post=154"}],"wp:attachment":[{"href":"https:\/\/xn--imeiellenrzs-leb76l.hu\/index.php?rest_route=%2Fwp%2Fv2%2Fmedia&parent=154"}],"wp:term":[{"taxonomy":"product_brand","embeddable":true,"href":"https:\/\/xn--imeiellenrzs-leb76l.hu\/index.php?rest_route=%2Fwp%2Fv2%2Fproduct_brand&post=154"},{"taxonomy":"product_cat","embeddable":true,"href":"https:\/\/xn--imeiellenrzs-leb76l.hu\/index.php?rest_route=%2Fwp%2Fv2%2Fproduct_cat&post=154"},{"taxonomy":"product_tag","embeddable":true,"href":"https:\/\/xn--imeiellenrzs-leb76l.hu\/index.php?rest_route=%2Fwp%2Fv2%2Fproduct_tag&post=154"}],"curies":[{"name":"wp","href":"https:\/\/api.w.org\/{rel}","templated":true}]}}