{"id":153,"date":"2025-12-07T13:58:08","date_gmt":"2025-12-07T13:58:08","guid":{"rendered":"https:\/\/xn--imeiellenrzs-leb76l.hu\/?post_type=product&#038;p=153"},"modified":"2026-04-17T18:37:11","modified_gmt":"2026-04-17T18:37:11","slug":"honor-ellenorzes","status":"publish","type":"product","link":"https:\/\/xn--imeiellenrzs-leb76l.hu\/?product=honor-ellenorzes","title":{"rendered":"Honor garanciaellen\u0151rz\u00e9s"},"content":{"rendered":"<p><!-- SEO adatok --><\/p>\n<div style=\"font-size: 14pt; line-height: 1.7;\">\n<h1>Honor garancia ellen\u0151rz\u00e9s \u2013 J\u00f3t\u00e1ll\u00e1s \u00e9s r\u00e9szletes k\u00e9sz\u00fcl\u00e9kinform\u00e1ci\u00f3k<\/h1>\n<p>A <strong>Fixity Honor garancia-ellen\u0151rz\u0151<\/strong> lehet\u0151s\u00e9get ad arra, hogy Honor k\u00e9sz\u00fcl\u00e9ked<br \/>\nlegfontosabb adatait gyorsan \u00e9s \u00e1tl\u00e1that\u00f3 m\u00f3don ellen\u0151rizd.<br \/>\nAz <strong>IMEI sz\u00e1m<\/strong> megad\u00e1s\u00e1val egy helyen el\u00e9rhet\u0151k a<br \/>\n<strong>garanci\u00e1lis inform\u00e1ci\u00f3k<\/strong>, a k\u00e9sz\u00fcl\u00e9k m\u0171szaki adatai,<br \/>\nvalamint a sz\u00e1rmaz\u00e1sra \u00e9s azonos\u00edt\u00e1sra vonatkoz\u00f3 r\u00e9szletek.<\/p>\n<p>Ez az ellen\u0151rz\u00e9s k\u00fcl\u00f6n\u00f6sen hasznos <strong>haszn\u00e1lt Honor telefon v\u00e1s\u00e1rl\u00e1sa el\u0151tt<\/strong>,<br \/>\nde akkor is, ha a megl\u00e9v\u0151 k\u00e9sz\u00fcl\u00e9ked garanci\u00e1j\u00e1t, eredet\u00e9t vagy pontos konfigur\u00e1ci\u00f3j\u00e1t<br \/>\nszeretn\u00e9d visszaellen\u0151rizni.<\/p>\n<h2>Mire j\u00f3 a Honor garancia \u00e9s k\u00e9sz\u00fcl\u00e9kadatok ellen\u0151rz\u00e9se?<\/h2>\n<p>Az IMEI-alap\u00fa lek\u00e9rdez\u00e9s seg\u00edts\u00e9g\u00e9vel egy\u00e9rtelm\u0171en meg\u00e1llap\u00edthat\u00f3,<br \/>\nhogy a Honor okostelefon <strong>m\u00e9g garanci\u00e1lis v\u00e9delem alatt \u00e1ll-e<\/strong>,<br \/>\nmikor kezd\u0151d\u00f6tt a j\u00f3t\u00e1ll\u00e1s, illetve milyen hardveres \u00e9s azonos\u00edt\u00e1si adatok<br \/>\ntartoznak pontosan az adott k\u00e9sz\u00fcl\u00e9khez.<\/p>\n<ul>\n<li>Garancia \u00e9rv\u00e9nyess\u00e9g\u00e9nek gyors ellen\u0151rz\u00e9se<\/li>\n<li>Haszn\u00e1lt k\u00e9sz\u00fcl\u00e9k hiteless\u00e9g\u00e9nek meger\u0151s\u00edt\u00e9se<\/li>\n<li>Pontos modell- \u00e9s konfigur\u00e1ci\u00f3s adatok megtekint\u00e9se<\/li>\n<li>Sz\u00e1rmaz\u00e1si \u00e9s gy\u00e1rt\u00e1si inform\u00e1ci\u00f3k ellen\u0151rz\u00e9se<\/li>\n<\/ul>\n<h2>Milyen inform\u00e1ci\u00f3k \u00e9rhet\u0151k el az Honor ellen\u0151rz\u00e9s sor\u00e1n?<\/h2>\n<p>A r\u00e9szletes jelent\u00e9s t\u00f6bbek k\u00f6z\u00f6tt az al\u00e1bbi adatokat tartalmazhatja:<\/p>\n<h3>Alap k\u00e9sz\u00fcl\u00e9kadatok<\/h3>\n<ul>\n<li><strong>M\u00e1rka \u00e9s modell<\/strong><\/li>\n<li><strong>Modell teljes \u00e9s r\u00f6vid le\u00edr\u00e1sa<\/strong><\/li>\n<li><strong>Marketingn\u00e9v<\/strong><\/li>\n<li><strong>IMEI sz\u00e1m \u00e9s sorozatsz\u00e1m<\/strong><\/li>\n<li><strong>Modellsz\u00e1m \u00e9s SKU n\u00e9v \/ SKU k\u00f3d<\/strong><\/li>\n<\/ul>\n<h3>Azonos\u00edt\u00f3k \u00e9s technikai adatok<\/h3>\n<ul>\n<li><strong>PCBA vonalk\u00f3d<\/strong><\/li>\n<li><strong>Bluetooth MAC \u00e9s vezet\u00e9k n\u00e9lk\u00fcli MAC c\u00edm<\/strong><\/li>\n<li><strong>Szoftver verzi\u00f3<\/strong><\/li>\n<li><strong>Anyagjegyz\u00e9ksz\u00e1m (BOM)<\/strong><\/li>\n<li><strong>ECCN-k\u00f3d<\/strong><\/li>\n<li><strong>1. \u00e9s 3. szint\u0171 k\u00f3dok<\/strong><\/li>\n<\/ul>\n<h3>Eszk\u00f6z- \u00e9s j\u00f3t\u00e1ll\u00e1si inform\u00e1ci\u00f3k<\/h3>\n<ul>\n<li><strong>Eszk\u00f6zt\u00edpus \u00e9s k\u00fcls\u0151 modell<\/strong><\/li>\n<li><strong>Eszk\u00f6z sz\u00edne<\/strong><\/li>\n<li><strong>ROM \u00e9s RAM konfigur\u00e1ci\u00f3<\/strong><\/li>\n<li><strong>SIM-k\u00e1rtya t\u00edpusa<\/strong><\/li>\n<li><strong>Garancia kezdete<\/strong><\/li>\n<li><strong>K\u00e9szlethi\u00e1ny d\u00e1tuma<\/strong> (ha el\u00e9rhet\u0151)<\/li>\n<\/ul>\n<h3>Szerz\u0151d\u00e9ses \u00e9s sz\u00e1rmaz\u00e1si adatok<\/h3>\n<ul>\n<li><strong>Orsz\u00e1g neve<\/strong><\/li>\n<li><strong>Gy\u00e1r neve<\/strong><\/li>\n<li><strong>C\u00e9gn\u00e9v \/ szerz\u0151d\u00e9ses adatok<\/strong><\/li>\n<li><strong>Aj\u00e1nlati k\u00f3d \u00e9s aj\u00e1nlat le\u00edr\u00e1sa<\/strong><\/li>\n<\/ul>\n<h2>Hogyan ellen\u0151rizheted a Honor garanci\u00e1t?<\/h2>\n<ol>\n<li>K\u00e9sz\u00edtsd el\u0151 a Honor k\u00e9sz\u00fcl\u00e9ked <strong>IMEI sz\u00e1m\u00e1t<\/strong>.<\/li>\n<li>\u00cdrd be az IMEI-t az ellen\u0151rz\u00e9shez szolg\u00e1l\u00f3 mez\u0151be.<\/li>\n<li>Ind\u00edtsd el az ellen\u0151rz\u00e9st.<\/li>\n<li>Tekintsd meg a k\u00e9sz\u00fcl\u00e9k <strong>garanci\u00e1lis \u00e9s m\u0171szaki r\u00e9szleteit<\/strong>.<\/li>\n<\/ol>\n<div style=\"border: 1px solid #e6e6e6; padding: 14px; border-radius: 10px; margin-top: 14px;\">\n<p style=\"margin: 0;\"><strong>Fixity tipp:<\/strong><br \/>\nHaszn\u00e1lt Honor telefon v\u00e1s\u00e1rl\u00e1sa el\u0151tt mindig ellen\u0151rizd a garancia kezdet\u00e9t<br \/>\n\u00e9s a k\u00e9sz\u00fcl\u00e9k pontos konfigur\u00e1ci\u00f3j\u00e1t, \u00edgy elker\u00fclhet\u0151k a f\u00e9lre\u00e9rt\u00e9sek<br \/>\n\u00e9s a k\u00e9s\u0151bbi kellemetlens\u00e9gek.<\/p>\n<\/div>\n<p style=\"font-size: 13px; color: #666; margin-top: 12px;\">Megjegyz\u00e9s: Az el\u00e9rhet\u0151 adatok Honor modellenk\u00e9nt, r\u00e9gi\u00f3nk\u00e9nt \u00e9s \u00e9rt\u00e9kes\u00edt\u00e9si csatorn\u00e1nk\u00e9nt elt\u00e9rhetnek.<\/p>\n<\/div>\n","protected":false},"excerpt":{"rendered":"<p>Honor garancia ellen\u0151rz\u00e9s \u2013 J\u00f3t\u00e1ll\u00e1s \u00e9s r\u00e9szletes k\u00e9sz\u00fcl\u00e9kinform\u00e1ci\u00f3k A Fixity Honor garancia-ellen\u0151rz\u0151 lehet\u0151s\u00e9get ad arra, hogy Honor k\u00e9sz\u00fcl\u00e9ked legfontosabb adatait [&hellip;]<\/p>\n","protected":false},"featured_media":0,"comment_status":"open","ping_status":"closed","template":"","meta":{"site-sidebar-layout":"default","site-content-layout":"","ast-site-content-layout":"default","site-content-style":"default","site-sidebar-style":"default","ast-global-header-display":"","ast-banner-title-visibility":"","ast-main-header-display":"","ast-hfb-above-header-display":"","ast-hfb-below-header-display":"","ast-hfb-mobile-header-display":"","site-post-title":"","ast-breadcrumbs-content":"","ast-featured-img":"","footer-sml-layout":"","ast-disable-related-posts":"","theme-transparent-header-meta":"default","adv-header-id-meta":"","stick-header-meta":"","header-above-stick-meta":"","header-main-stick-meta":"","header-below-stick-meta":"","astra-migrate-meta-layouts":"set","ast-page-background-enabled":"default","ast-page-background-meta":{"desktop":{"background-color":"var(--ast-global-color-5)","background-image":"","background-repeat":"repeat","background-position":"center center","background-size":"auto","background-attachment":"scroll","background-type":"","background-media":"","overlay-type":"","overlay-color":"","overlay-opacity":"","overlay-gradient":""},"tablet":{"background-color":"","background-image":"","background-repeat":"repeat","background-position":"center center","background-size":"auto","background-attachment":"scroll","background-type":"","background-media":"","overlay-type":"","overlay-color":"","overlay-opacity":"","overlay-gradient":""},"mobile":{"background-color":"","background-image":"","background-repeat":"repeat","background-position":"center center","background-size":"auto","background-attachment":"scroll","background-type":"","background-media":"","overlay-type":"","overlay-color":"","overlay-opacity":"","overlay-gradient":""}},"ast-content-background-meta":{"desktop":{"background-color":"var(--ast-global-color-4)","background-image":"","background-repeat":"repeat","background-position":"center center","background-size":"auto","background-attachment":"scroll","background-type":"","background-media":"","overlay-type":"","overlay-color":"","overlay-opacity":"","overlay-gradient":""},"tablet":{"background-color":"var(--ast-global-color-4)","background-image":"","background-repeat":"repeat","background-position":"center center","background-size":"auto","background-attachment":"scroll","background-type":"","background-media":"","overlay-type":"","overlay-color":"","overlay-opacity":"","overlay-gradient":""},"mobile":{"background-color":"var(--ast-global-color-4)","background-image":"","background-repeat":"repeat","background-position":"center center","background-size":"auto","background-attachment":"scroll","background-type":"","background-media":"","overlay-type":"","overlay-color":"","overlay-opacity":"","overlay-gradient":""}}},"product_brand":[],"product_cat":[42],"product_tag":[],"class_list":{"0":"post-153","1":"product","2":"type-product","3":"status-publish","5":"product_cat-honor","6":"desktop-align-left","7":"tablet-align-left","8":"mobile-align-left","10":"first","11":"instock","12":"shipping-taxable","13":"purchasable","14":"product-type-simple"},"yoast_head":"<!-- This site is optimized with the Yoast SEO plugin v27.5 - https:\/\/yoast.com\/product\/yoast-seo-wordpress\/ -->\n<title>Honor garanciaellen\u0151rz\u00e9s - IMEI Ellen\u0151rz\u00e9s \u2013 Gyors, Pontos Inform\u00e1ci\u00f3<\/title>\n<meta name=\"description\" content=\"Ellen\u0151rizd HONOR k\u00e9sz\u00fcl\u00e9ked IMEI alapj\u00e1n. Megtudhatod a garanci\u00e1lis \u00e1llapot\u00e1t, v\u00e1s\u00e1rl\u00e1si r\u00e9gi\u00f3j\u00e1t \u00e9s m\u0171szaki adatait \u2013 ezzel elker\u00fclheted a rejtett kock\u00e1zatokat.\" \/>\n<meta name=\"robots\" content=\"index, follow, max-snippet:-1, max-image-preview:large, max-video-preview:-1\" \/>\n<link rel=\"canonical\" href=\"https:\/\/xn--imeiellenrzs-leb76l.hu\/?product=honor-ellenorzes\" \/>\n<meta property=\"og:locale\" content=\"hu_HU\" \/>\n<meta property=\"og:type\" content=\"article\" \/>\n<meta property=\"og:title\" content=\"Honor garanciaellen\u0151rz\u00e9s - IMEI Ellen\u0151rz\u00e9s \u2013 Gyors, Pontos Inform\u00e1ci\u00f3\" \/>\n<meta property=\"og:description\" content=\"Ellen\u0151rizd HONOR k\u00e9sz\u00fcl\u00e9ked IMEI alapj\u00e1n. Megtudhatod a garanci\u00e1lis \u00e1llapot\u00e1t, v\u00e1s\u00e1rl\u00e1si r\u00e9gi\u00f3j\u00e1t \u00e9s m\u0171szaki adatait \u2013 ezzel elker\u00fclheted a rejtett kock\u00e1zatokat.\" \/>\n<meta property=\"og:url\" content=\"https:\/\/xn--imeiellenrzs-leb76l.hu\/?product=honor-ellenorzes\" \/>\n<meta property=\"og:site_name\" content=\"IMEI Ellen\u0151rz\u00e9s \u2013 Gyors, Pontos Inform\u00e1ci\u00f3\" \/>\n<meta property=\"article:publisher\" content=\"https:\/\/www.facebook.com\/fixity.hu\" \/>\n<meta property=\"article:modified_time\" content=\"2026-04-17T18:37:11+00:00\" \/>\n<meta property=\"og:image\" content=\"https:\/\/xn--imeiellenrzs-leb76l.hu\/wp-content\/uploads\/2025\/12\/Honor-ellenorzes.png\" \/>\n\t<meta property=\"og:image:width\" content=\"1024\" \/>\n\t<meta property=\"og:image:height\" content=\"1024\" \/>\n\t<meta property=\"og:image:type\" content=\"image\/png\" \/>\n<meta name=\"twitter:card\" content=\"summary_large_image\" \/>\n<meta name=\"twitter:label1\" content=\"Becs\u00fclt olvas\u00e1si id\u0151\" \/>\n\t<meta name=\"twitter:data1\" content=\"2 perc\" \/>\n<script type=\"application\/ld+json\" class=\"yoast-schema-graph\">{\"@context\":\"https:\\\/\\\/schema.org\",\"@graph\":[{\"@type\":\"WebPage\",\"@id\":\"https:\\\/\\\/xn--imeiellenrzs-leb76l.hu\\\/?product=honor-ellenorzes\",\"url\":\"https:\\\/\\\/xn--imeiellenrzs-leb76l.hu\\\/?product=honor-ellenorzes\",\"name\":\"Honor garanciaellen\u0151rz\u00e9s - IMEI Ellen\u0151rz\u00e9s \u2013 Gyors, Pontos Inform\u00e1ci\u00f3\",\"isPartOf\":{\"@id\":\"https:\\\/\\\/xn--imeiellenrzs-leb76l.hu\\\/#website\"},\"datePublished\":\"2025-12-07T13:58:08+00:00\",\"dateModified\":\"2026-04-17T18:37:11+00:00\",\"description\":\"Ellen\u0151rizd HONOR k\u00e9sz\u00fcl\u00e9ked IMEI alapj\u00e1n. Megtudhatod a garanci\u00e1lis \u00e1llapot\u00e1t, v\u00e1s\u00e1rl\u00e1si r\u00e9gi\u00f3j\u00e1t \u00e9s m\u0171szaki adatait \u2013 ezzel elker\u00fclheted a rejtett kock\u00e1zatokat.\",\"breadcrumb\":{\"@id\":\"https:\\\/\\\/xn--imeiellenrzs-leb76l.hu\\\/?product=honor-ellenorzes#breadcrumb\"},\"inLanguage\":\"hu\",\"potentialAction\":[{\"@type\":\"ReadAction\",\"target\":[\"https:\\\/\\\/xn--imeiellenrzs-leb76l.hu\\\/?product=honor-ellenorzes\"]}]},{\"@type\":\"BreadcrumbList\",\"@id\":\"https:\\\/\\\/xn--imeiellenrzs-leb76l.hu\\\/?product=honor-ellenorzes#breadcrumb\",\"itemListElement\":[{\"@type\":\"ListItem\",\"position\":1,\"name\":\"Kezd\u0151lap\",\"item\":\"https:\\\/\\\/xn--imeiellenrzs-leb76l.hu\\\/\"},{\"@type\":\"ListItem\",\"position\":2,\"name\":\"Term\u00e9kek\",\"item\":\"https:\\\/\\\/xn--imeiellenrzs-leb76l.hu\\\/?post_type=product\"},{\"@type\":\"ListItem\",\"position\":3,\"name\":\"Honor garanciaellen\u0151rz\u00e9s\"}]},{\"@type\":\"WebSite\",\"@id\":\"https:\\\/\\\/xn--imeiellenrzs-leb76l.hu\\\/#website\",\"url\":\"https:\\\/\\\/xn--imeiellenrzs-leb76l.hu\\\/\",\"name\":\"Imeiellen\u0151rz\u00e9s\",\"description\":\"Telefonod adatai IMEI alapj\u00e1n \u2013 gyors \u00e9s megb\u00edzhat\u00f3 ellen\u0151rz\u00e9s.\",\"potentialAction\":[{\"@type\":\"SearchAction\",\"target\":{\"@type\":\"EntryPoint\",\"urlTemplate\":\"https:\\\/\\\/xn--imeiellenrzs-leb76l.hu\\\/?s={search_term_string}\"},\"query-input\":{\"@type\":\"PropertyValueSpecification\",\"valueRequired\":true,\"valueName\":\"search_term_string\"}}],\"inLanguage\":\"hu\"}]}<\/script>\n<!-- \/ Yoast SEO plugin. -->","yoast_head_json":{"title":"Honor garanciaellen\u0151rz\u00e9s - IMEI Ellen\u0151rz\u00e9s \u2013 Gyors, Pontos Inform\u00e1ci\u00f3","description":"Ellen\u0151rizd HONOR k\u00e9sz\u00fcl\u00e9ked IMEI alapj\u00e1n. Megtudhatod a garanci\u00e1lis \u00e1llapot\u00e1t, v\u00e1s\u00e1rl\u00e1si r\u00e9gi\u00f3j\u00e1t \u00e9s m\u0171szaki adatait \u2013 ezzel elker\u00fclheted a rejtett kock\u00e1zatokat.","robots":{"index":"index","follow":"follow","max-snippet":"max-snippet:-1","max-image-preview":"max-image-preview:large","max-video-preview":"max-video-preview:-1"},"canonical":"https:\/\/xn--imeiellenrzs-leb76l.hu\/?product=honor-ellenorzes","og_locale":"hu_HU","og_type":"article","og_title":"Honor garanciaellen\u0151rz\u00e9s - IMEI Ellen\u0151rz\u00e9s \u2013 Gyors, Pontos Inform\u00e1ci\u00f3","og_description":"Ellen\u0151rizd HONOR k\u00e9sz\u00fcl\u00e9ked IMEI alapj\u00e1n. Megtudhatod a garanci\u00e1lis \u00e1llapot\u00e1t, v\u00e1s\u00e1rl\u00e1si r\u00e9gi\u00f3j\u00e1t \u00e9s m\u0171szaki adatait \u2013 ezzel elker\u00fclheted a rejtett kock\u00e1zatokat.","og_url":"https:\/\/xn--imeiellenrzs-leb76l.hu\/?product=honor-ellenorzes","og_site_name":"IMEI Ellen\u0151rz\u00e9s \u2013 Gyors, Pontos Inform\u00e1ci\u00f3","article_publisher":"https:\/\/www.facebook.com\/fixity.hu","article_modified_time":"2026-04-17T18:37:11+00:00","og_image":[{"width":1024,"height":1024,"url":"https:\/\/xn--imeiellenrzs-leb76l.hu\/wp-content\/uploads\/2025\/12\/Honor-ellenorzes.png","type":"image\/png"}],"twitter_card":"summary_large_image","twitter_misc":{"Becs\u00fclt olvas\u00e1si id\u0151":"2 perc"},"schema":{"@context":"https:\/\/schema.org","@graph":[{"@type":"WebPage","@id":"https:\/\/xn--imeiellenrzs-leb76l.hu\/?product=honor-ellenorzes","url":"https:\/\/xn--imeiellenrzs-leb76l.hu\/?product=honor-ellenorzes","name":"Honor garanciaellen\u0151rz\u00e9s - IMEI Ellen\u0151rz\u00e9s \u2013 Gyors, Pontos Inform\u00e1ci\u00f3","isPartOf":{"@id":"https:\/\/xn--imeiellenrzs-leb76l.hu\/#website"},"datePublished":"2025-12-07T13:58:08+00:00","dateModified":"2026-04-17T18:37:11+00:00","description":"Ellen\u0151rizd HONOR k\u00e9sz\u00fcl\u00e9ked IMEI alapj\u00e1n. Megtudhatod a garanci\u00e1lis \u00e1llapot\u00e1t, v\u00e1s\u00e1rl\u00e1si r\u00e9gi\u00f3j\u00e1t \u00e9s m\u0171szaki adatait \u2013 ezzel elker\u00fclheted a rejtett kock\u00e1zatokat.","breadcrumb":{"@id":"https:\/\/xn--imeiellenrzs-leb76l.hu\/?product=honor-ellenorzes#breadcrumb"},"inLanguage":"hu","potentialAction":[{"@type":"ReadAction","target":["https:\/\/xn--imeiellenrzs-leb76l.hu\/?product=honor-ellenorzes"]}]},{"@type":"BreadcrumbList","@id":"https:\/\/xn--imeiellenrzs-leb76l.hu\/?product=honor-ellenorzes#breadcrumb","itemListElement":[{"@type":"ListItem","position":1,"name":"Kezd\u0151lap","item":"https:\/\/xn--imeiellenrzs-leb76l.hu\/"},{"@type":"ListItem","position":2,"name":"Term\u00e9kek","item":"https:\/\/xn--imeiellenrzs-leb76l.hu\/?post_type=product"},{"@type":"ListItem","position":3,"name":"Honor garanciaellen\u0151rz\u00e9s"}]},{"@type":"WebSite","@id":"https:\/\/xn--imeiellenrzs-leb76l.hu\/#website","url":"https:\/\/xn--imeiellenrzs-leb76l.hu\/","name":"Imeiellen\u0151rz\u00e9s","description":"Telefonod adatai IMEI alapj\u00e1n \u2013 gyors \u00e9s megb\u00edzhat\u00f3 ellen\u0151rz\u00e9s.","potentialAction":[{"@type":"SearchAction","target":{"@type":"EntryPoint","urlTemplate":"https:\/\/xn--imeiellenrzs-leb76l.hu\/?s={search_term_string}"},"query-input":{"@type":"PropertyValueSpecification","valueRequired":true,"valueName":"search_term_string"}}],"inLanguage":"hu"}]}},"_links":{"self":[{"href":"https:\/\/xn--imeiellenrzs-leb76l.hu\/index.php?rest_route=\/wp\/v2\/product\/153","targetHints":{"allow":["GET"]}}],"collection":[{"href":"https:\/\/xn--imeiellenrzs-leb76l.hu\/index.php?rest_route=\/wp\/v2\/product"}],"about":[{"href":"https:\/\/xn--imeiellenrzs-leb76l.hu\/index.php?rest_route=\/wp\/v2\/types\/product"}],"replies":[{"embeddable":true,"href":"https:\/\/xn--imeiellenrzs-leb76l.hu\/index.php?rest_route=%2Fwp%2Fv2%2Fcomments&post=153"}],"wp:attachment":[{"href":"https:\/\/xn--imeiellenrzs-leb76l.hu\/index.php?rest_route=%2Fwp%2Fv2%2Fmedia&parent=153"}],"wp:term":[{"taxonomy":"product_brand","embeddable":true,"href":"https:\/\/xn--imeiellenrzs-leb76l.hu\/index.php?rest_route=%2Fwp%2Fv2%2Fproduct_brand&post=153"},{"taxonomy":"product_cat","embeddable":true,"href":"https:\/\/xn--imeiellenrzs-leb76l.hu\/index.php?rest_route=%2Fwp%2Fv2%2Fproduct_cat&post=153"},{"taxonomy":"product_tag","embeddable":true,"href":"https:\/\/xn--imeiellenrzs-leb76l.hu\/index.php?rest_route=%2Fwp%2Fv2%2Fproduct_tag&post=153"}],"curies":[{"name":"wp","href":"https:\/\/api.w.org\/{rel}","templated":true}]}}