{"id":149,"date":"2025-12-07T13:53:24","date_gmt":"2025-12-07T13:53:24","guid":{"rendered":"https:\/\/xn--imeiellenrzs-leb76l.hu\/?post_type=product&#038;p=149"},"modified":"2026-04-17T18:41:24","modified_gmt":"2026-04-17T18:41:24","slug":"asus-ellenorzes","status":"publish","type":"product","link":"https:\/\/xn--imeiellenrzs-leb76l.hu\/?product=asus-ellenorzes","title":{"rendered":"ASUS ellen\u0151rz\u00e9s"},"content":{"rendered":"<p><!-- SEO adatok --><\/p>\n<div style=\"font-size: 14pt; line-height: 1.7;\">\n<h1>ASUS IMEI ellen\u0151rz\u00e9s \u2013 Garancia \u00e9s r\u00e9szletes k\u00e9sz\u00fcl\u00e9kinform\u00e1ci\u00f3k<\/h1>\n<p>Bemutatjuk a <strong>Fixity ASUS ellen\u0151rz\u0151<\/strong> funkci\u00f3j\u00e1t, amellyel<br \/>\ngyorsan \u00e9s egyszer\u0171en juthatsz hozz\u00e1 az ASUS okostelefonod legfontosabb adataihoz.<br \/>\nAz <strong>IMEI sz\u00e1m<\/strong> megad\u00e1s\u00e1val el\u0151zetes inform\u00e1ci\u00f3kat kapsz<br \/>\na <strong>garanci\u00e1lis ter\u00fcletr\u0151l<\/strong>, a <strong>j\u00f3t\u00e1ll\u00e1s lej\u00e1rat\u00e1r\u00f3l<\/strong>,<br \/>\nvalamint az eszk\u00f6zh\u00f6z tartoz\u00f3 alkatr\u00e9szekr\u0151l \u00e9s sz\u00e1rmaz\u00e1si adatokr\u00f3l.<\/p>\n<p>Ez az ellen\u0151rz\u00e9s ide\u00e1lis megold\u00e1s akkor is, ha szeretn\u00e9d jobban megismerni<br \/>\na megl\u00e9v\u0151 ASUS k\u00e9sz\u00fcl\u00e9kedet, illetve <strong>haszn\u00e1lt ASUS telefon v\u00e1s\u00e1rl\u00e1sa el\u0151tt<\/strong>,<br \/>\namikor fontos a pontos \u00e9s hiteles inform\u00e1ci\u00f3.<\/p>\n<h2>Milyen adatokat tudsz lek\u00e9rni az ASUS ellen\u0151rz\u00e9ssel?<\/h2>\n<p>N\u00e9h\u00e1ny m\u00e1sodperc alatt r\u00e9szletes jelent\u00e9s \u00e9rhet\u0151 el, amely t\u00f6bbek k\u00f6z\u00f6tt<br \/>\naz al\u00e1bbi inform\u00e1ci\u00f3kat tartalmazhatja:<\/p>\n<ul>\n<li><strong>M\u00e1rka \u00e9s IMEI sz\u00e1m<\/strong><\/li>\n<li><strong>Eszk\u00f6zazonos\u00edt\u00f3k<\/strong> (pl. SON1, CSID)<\/li>\n<li><strong>Cikksz\u00e1mok<\/strong><\/li>\n<li><strong>Alkatr\u00e9sz specifik\u00e1ci\u00f3k \u00e9s le\u00edr\u00e1sok<\/strong><\/li>\n<li><strong>J\u00f3t\u00e1ll\u00e1si ter\u00fclet<\/strong><\/li>\n<li><strong>Garancia lej\u00e1rati d\u00e1tuma<\/strong><\/li>\n<li><strong>Sz\u00e1rmaz\u00e1si c\u00e9g \u00e9s orsz\u00e1g<\/strong><\/li>\n<\/ul>\n<h2>Mi\u00e9rt hasznos az ASUS IMEI alap\u00fa ellen\u0151rz\u00e9s?<\/h2>\n<p>Az ASUS k\u00e9sz\u00fcl\u00e9kekn\u00e9l a garancia \u00e9s az alkatr\u00e9sz-inform\u00e1ci\u00f3k r\u00e9gi\u00f3nk\u00e9nt elt\u00e9rhetnek.<br \/>\nAz IMEI-alap\u00fa ellen\u0151rz\u00e9ssel pontosan meg\u00e1llap\u00edthat\u00f3, hogy<br \/>\n<strong>milyen felt\u00e9telek vonatkoznak a k\u00e9sz\u00fcl\u00e9kre<\/strong>,<br \/>\n\u00e9s hogy az adatok egyeznek-e az elad\u00f3 \u00e1ltal megadott inform\u00e1ci\u00f3kkal.<\/p>\n<ul>\n<li>Garanci\u00e1lis jogosults\u00e1g gyors ellen\u0151rz\u00e9se<\/li>\n<li>Alkatr\u00e9szadatok \u00e9s cikksz\u00e1mok \u00e1ttekint\u00e9se<\/li>\n<li>Haszn\u00e1lt k\u00e9sz\u00fcl\u00e9k hiteless\u00e9g\u00e9nek meger\u0151s\u00edt\u00e9se<\/li>\n<li>Sz\u00e1rmaz\u00e1si \u00e9s r\u00e9gi\u00f3s inform\u00e1ci\u00f3k ellen\u0151rz\u00e9se<\/li>\n<\/ul>\n<h2>Hogyan haszn\u00e1lhat\u00f3 az ASUS garancia \u00e9s orsz\u00e1gellen\u0151rz\u00e9s?<\/h2>\n<ol>\n<li>K\u00e9sz\u00edtsd el\u0151 az ASUS k\u00e9sz\u00fcl\u00e9ked <strong>IMEI sz\u00e1m\u00e1t<\/strong>.<\/li>\n<li>Add meg az IMEI-t az ellen\u0151rz\u00e9shez szolg\u00e1l\u00f3 mez\u0151ben.<\/li>\n<li>Ind\u00edtsd el az ellen\u0151rz\u00e9st.<\/li>\n<li>N\u00e9h\u00e1ny pillanat m\u00falva megjelennek a <strong>r\u00e9szletes ASUS k\u00e9sz\u00fcl\u00e9kinform\u00e1ci\u00f3k<\/strong>.<\/li>\n<\/ol>\n<div style=\"border: 1px solid #e6e6e6; padding: 14px; border-radius: 10px; margin-top: 14px;\">\n<p style=\"margin: 0;\"><strong>Fixity tipp:<\/strong><br \/>\nHaszn\u00e1lt ASUS telefon v\u00e1s\u00e1rl\u00e1sa el\u0151tt mindig ellen\u0151rizd<br \/>\na garancia ter\u00fclet\u00e9t \u00e9s lej\u00e1rat\u00e1t, valamint az alkatr\u00e9szadatokat,<br \/>\n\u00edgy elker\u00fclhet\u0151k a f\u00e9lre\u00e9rt\u00e9sek \u00e9s a k\u00e9s\u0151bbi probl\u00e9m\u00e1k.<\/p>\n<\/div>\n<p style=\"font-size: 13px; color: #666; margin-top: 12px;\">Megjegyz\u00e9s: Az el\u00e9rhet\u0151 ASUS adatok modellenk\u00e9nt \u00e9s r\u00e9gi\u00f3nk\u00e9nt elt\u00e9rhetnek.<\/p>\n<\/div>\n","protected":false},"excerpt":{"rendered":"<p>ASUS IMEI ellen\u0151rz\u00e9s \u2013 Garancia \u00e9s r\u00e9szletes k\u00e9sz\u00fcl\u00e9kinform\u00e1ci\u00f3k Bemutatjuk a Fixity ASUS ellen\u0151rz\u0151 funkci\u00f3j\u00e1t, amellyel gyorsan \u00e9s egyszer\u0171en juthatsz hozz\u00e1 [&hellip;]<\/p>\n","protected":false},"featured_media":0,"comment_status":"open","ping_status":"closed","template":"","meta":{"site-sidebar-layout":"default","site-content-layout":"","ast-site-content-layout":"default","site-content-style":"default","site-sidebar-style":"default","ast-global-header-display":"","ast-banner-title-visibility":"","ast-main-header-display":"","ast-hfb-above-header-display":"","ast-hfb-below-header-display":"","ast-hfb-mobile-header-display":"","site-post-title":"","ast-breadcrumbs-content":"","ast-featured-img":"","footer-sml-layout":"","ast-disable-related-posts":"","theme-transparent-header-meta":"default","adv-header-id-meta":"","stick-header-meta":"","header-above-stick-meta":"","header-main-stick-meta":"","header-below-stick-meta":"","astra-migrate-meta-layouts":"set","ast-page-background-enabled":"default","ast-page-background-meta":{"desktop":{"background-color":"var(--ast-global-color-5)","background-image":"","background-repeat":"repeat","background-position":"center center","background-size":"auto","background-attachment":"scroll","background-type":"","background-media":"","overlay-type":"","overlay-color":"","overlay-opacity":"","overlay-gradient":""},"tablet":{"background-color":"","background-image":"","background-repeat":"repeat","background-position":"center center","background-size":"auto","background-attachment":"scroll","background-type":"","background-media":"","overlay-type":"","overlay-color":"","overlay-opacity":"","overlay-gradient":""},"mobile":{"background-color":"","background-image":"","background-repeat":"repeat","background-position":"center center","background-size":"auto","background-attachment":"scroll","background-type":"","background-media":"","overlay-type":"","overlay-color":"","overlay-opacity":"","overlay-gradient":""}},"ast-content-background-meta":{"desktop":{"background-color":"var(--ast-global-color-4)","background-image":"","background-repeat":"repeat","background-position":"center center","background-size":"auto","background-attachment":"scroll","background-type":"","background-media":"","overlay-type":"","overlay-color":"","overlay-opacity":"","overlay-gradient":""},"tablet":{"background-color":"var(--ast-global-color-4)","background-image":"","background-repeat":"repeat","background-position":"center center","background-size":"auto","background-attachment":"scroll","background-type":"","background-media":"","overlay-type":"","overlay-color":"","overlay-opacity":"","overlay-gradient":""},"mobile":{"background-color":"var(--ast-global-color-4)","background-image":"","background-repeat":"repeat","background-position":"center center","background-size":"auto","background-attachment":"scroll","background-type":"","background-media":"","overlay-type":"","overlay-color":"","overlay-opacity":"","overlay-gradient":""}}},"product_brand":[],"product_cat":[31],"product_tag":[],"class_list":{"0":"post-149","1":"product","2":"type-product","3":"status-publish","5":"product_cat-asus","6":"desktop-align-left","7":"tablet-align-left","8":"mobile-align-left","10":"first","11":"instock","12":"shipping-taxable","13":"purchasable","14":"product-type-simple"},"yoast_head":"<!-- This site is optimized with the Yoast SEO plugin v27.5 - https:\/\/yoast.com\/product\/yoast-seo-wordpress\/ -->\n<title>ASUS ellen\u0151rz\u00e9s - IMEI Ellen\u0151rz\u00e9s \u2013 Gyors, Pontos Inform\u00e1ci\u00f3<\/title>\n<meta name=\"description\" content=\"Gyorsan ellen\u0151rizd ASUS telefonod garanci\u00e1j\u00e1t, v\u00e1s\u00e1rl\u00e1si orsz\u00e1g\u00e1t, gy\u00e1rt\u00e1si adatait \u2013 csak az IMEI-sz\u00e1m kell. A Fixity ASUS Warranty &amp; Country Check seg\u00edt biztons\u00e1gosan v\u00e1s\u00e1rolni.\" \/>\n<meta name=\"robots\" content=\"index, follow, max-snippet:-1, max-image-preview:large, max-video-preview:-1\" \/>\n<link rel=\"canonical\" href=\"https:\/\/xn--imeiellenrzs-leb76l.hu\/?product=asus-ellenorzes\" \/>\n<meta property=\"og:locale\" content=\"hu_HU\" \/>\n<meta property=\"og:type\" content=\"article\" \/>\n<meta property=\"og:title\" content=\"ASUS ellen\u0151rz\u00e9s - IMEI Ellen\u0151rz\u00e9s \u2013 Gyors, Pontos Inform\u00e1ci\u00f3\" \/>\n<meta property=\"og:description\" content=\"Gyorsan ellen\u0151rizd ASUS telefonod garanci\u00e1j\u00e1t, v\u00e1s\u00e1rl\u00e1si orsz\u00e1g\u00e1t, gy\u00e1rt\u00e1si adatait \u2013 csak az IMEI-sz\u00e1m kell. A Fixity ASUS Warranty &amp; Country Check seg\u00edt biztons\u00e1gosan v\u00e1s\u00e1rolni.\" \/>\n<meta property=\"og:url\" content=\"https:\/\/xn--imeiellenrzs-leb76l.hu\/?product=asus-ellenorzes\" \/>\n<meta property=\"og:site_name\" content=\"IMEI Ellen\u0151rz\u00e9s \u2013 Gyors, Pontos Inform\u00e1ci\u00f3\" \/>\n<meta property=\"article:publisher\" content=\"https:\/\/www.facebook.com\/fixity.hu\" \/>\n<meta property=\"article:modified_time\" content=\"2026-04-17T18:41:24+00:00\" \/>\n<meta property=\"og:image\" content=\"https:\/\/xn--imeiellenrzs-leb76l.hu\/wp-content\/uploads\/2025\/12\/ASUS-ellenorzes.png\" \/>\n\t<meta property=\"og:image:width\" content=\"1024\" \/>\n\t<meta property=\"og:image:height\" content=\"1024\" \/>\n\t<meta property=\"og:image:type\" content=\"image\/png\" \/>\n<meta name=\"twitter:card\" content=\"summary_large_image\" \/>\n<meta name=\"twitter:label1\" content=\"Becs\u00fclt olvas\u00e1si id\u0151\" \/>\n\t<meta name=\"twitter:data1\" content=\"2 perc\" \/>\n<script type=\"application\/ld+json\" class=\"yoast-schema-graph\">{\"@context\":\"https:\\\/\\\/schema.org\",\"@graph\":[{\"@type\":\"WebPage\",\"@id\":\"https:\\\/\\\/xn--imeiellenrzs-leb76l.hu\\\/?product=asus-ellenorzes\",\"url\":\"https:\\\/\\\/xn--imeiellenrzs-leb76l.hu\\\/?product=asus-ellenorzes\",\"name\":\"ASUS ellen\u0151rz\u00e9s - IMEI Ellen\u0151rz\u00e9s \u2013 Gyors, Pontos Inform\u00e1ci\u00f3\",\"isPartOf\":{\"@id\":\"https:\\\/\\\/xn--imeiellenrzs-leb76l.hu\\\/#website\"},\"datePublished\":\"2025-12-07T13:53:24+00:00\",\"dateModified\":\"2026-04-17T18:41:24+00:00\",\"description\":\"Gyorsan ellen\u0151rizd ASUS telefonod garanci\u00e1j\u00e1t, v\u00e1s\u00e1rl\u00e1si orsz\u00e1g\u00e1t, gy\u00e1rt\u00e1si adatait \u2013 csak az IMEI-sz\u00e1m kell. A Fixity ASUS Warranty & Country Check seg\u00edt biztons\u00e1gosan v\u00e1s\u00e1rolni.\",\"breadcrumb\":{\"@id\":\"https:\\\/\\\/xn--imeiellenrzs-leb76l.hu\\\/?product=asus-ellenorzes#breadcrumb\"},\"inLanguage\":\"hu\",\"potentialAction\":[{\"@type\":\"ReadAction\",\"target\":[\"https:\\\/\\\/xn--imeiellenrzs-leb76l.hu\\\/?product=asus-ellenorzes\"]}]},{\"@type\":\"BreadcrumbList\",\"@id\":\"https:\\\/\\\/xn--imeiellenrzs-leb76l.hu\\\/?product=asus-ellenorzes#breadcrumb\",\"itemListElement\":[{\"@type\":\"ListItem\",\"position\":1,\"name\":\"Kezd\u0151lap\",\"item\":\"https:\\\/\\\/xn--imeiellenrzs-leb76l.hu\\\/\"},{\"@type\":\"ListItem\",\"position\":2,\"name\":\"Term\u00e9kek\",\"item\":\"https:\\\/\\\/xn--imeiellenrzs-leb76l.hu\\\/?post_type=product\"},{\"@type\":\"ListItem\",\"position\":3,\"name\":\"ASUS ellen\u0151rz\u00e9s\"}]},{\"@type\":\"WebSite\",\"@id\":\"https:\\\/\\\/xn--imeiellenrzs-leb76l.hu\\\/#website\",\"url\":\"https:\\\/\\\/xn--imeiellenrzs-leb76l.hu\\\/\",\"name\":\"Imeiellen\u0151rz\u00e9s\",\"description\":\"Telefonod adatai IMEI alapj\u00e1n \u2013 gyors \u00e9s megb\u00edzhat\u00f3 ellen\u0151rz\u00e9s.\",\"potentialAction\":[{\"@type\":\"SearchAction\",\"target\":{\"@type\":\"EntryPoint\",\"urlTemplate\":\"https:\\\/\\\/xn--imeiellenrzs-leb76l.hu\\\/?s={search_term_string}\"},\"query-input\":{\"@type\":\"PropertyValueSpecification\",\"valueRequired\":true,\"valueName\":\"search_term_string\"}}],\"inLanguage\":\"hu\"}]}<\/script>\n<!-- \/ Yoast SEO plugin. -->","yoast_head_json":{"title":"ASUS ellen\u0151rz\u00e9s - IMEI Ellen\u0151rz\u00e9s \u2013 Gyors, Pontos Inform\u00e1ci\u00f3","description":"Gyorsan ellen\u0151rizd ASUS telefonod garanci\u00e1j\u00e1t, v\u00e1s\u00e1rl\u00e1si orsz\u00e1g\u00e1t, gy\u00e1rt\u00e1si adatait \u2013 csak az IMEI-sz\u00e1m kell. A Fixity ASUS Warranty & Country Check seg\u00edt biztons\u00e1gosan v\u00e1s\u00e1rolni.","robots":{"index":"index","follow":"follow","max-snippet":"max-snippet:-1","max-image-preview":"max-image-preview:large","max-video-preview":"max-video-preview:-1"},"canonical":"https:\/\/xn--imeiellenrzs-leb76l.hu\/?product=asus-ellenorzes","og_locale":"hu_HU","og_type":"article","og_title":"ASUS ellen\u0151rz\u00e9s - IMEI Ellen\u0151rz\u00e9s \u2013 Gyors, Pontos Inform\u00e1ci\u00f3","og_description":"Gyorsan ellen\u0151rizd ASUS telefonod garanci\u00e1j\u00e1t, v\u00e1s\u00e1rl\u00e1si orsz\u00e1g\u00e1t, gy\u00e1rt\u00e1si adatait \u2013 csak az IMEI-sz\u00e1m kell. A Fixity ASUS Warranty & Country Check seg\u00edt biztons\u00e1gosan v\u00e1s\u00e1rolni.","og_url":"https:\/\/xn--imeiellenrzs-leb76l.hu\/?product=asus-ellenorzes","og_site_name":"IMEI Ellen\u0151rz\u00e9s \u2013 Gyors, Pontos Inform\u00e1ci\u00f3","article_publisher":"https:\/\/www.facebook.com\/fixity.hu","article_modified_time":"2026-04-17T18:41:24+00:00","og_image":[{"width":1024,"height":1024,"url":"https:\/\/xn--imeiellenrzs-leb76l.hu\/wp-content\/uploads\/2025\/12\/ASUS-ellenorzes.png","type":"image\/png"}],"twitter_card":"summary_large_image","twitter_misc":{"Becs\u00fclt olvas\u00e1si id\u0151":"2 perc"},"schema":{"@context":"https:\/\/schema.org","@graph":[{"@type":"WebPage","@id":"https:\/\/xn--imeiellenrzs-leb76l.hu\/?product=asus-ellenorzes","url":"https:\/\/xn--imeiellenrzs-leb76l.hu\/?product=asus-ellenorzes","name":"ASUS ellen\u0151rz\u00e9s - IMEI Ellen\u0151rz\u00e9s \u2013 Gyors, Pontos Inform\u00e1ci\u00f3","isPartOf":{"@id":"https:\/\/xn--imeiellenrzs-leb76l.hu\/#website"},"datePublished":"2025-12-07T13:53:24+00:00","dateModified":"2026-04-17T18:41:24+00:00","description":"Gyorsan ellen\u0151rizd ASUS telefonod garanci\u00e1j\u00e1t, v\u00e1s\u00e1rl\u00e1si orsz\u00e1g\u00e1t, gy\u00e1rt\u00e1si adatait \u2013 csak az IMEI-sz\u00e1m kell. A Fixity ASUS Warranty & Country Check seg\u00edt biztons\u00e1gosan v\u00e1s\u00e1rolni.","breadcrumb":{"@id":"https:\/\/xn--imeiellenrzs-leb76l.hu\/?product=asus-ellenorzes#breadcrumb"},"inLanguage":"hu","potentialAction":[{"@type":"ReadAction","target":["https:\/\/xn--imeiellenrzs-leb76l.hu\/?product=asus-ellenorzes"]}]},{"@type":"BreadcrumbList","@id":"https:\/\/xn--imeiellenrzs-leb76l.hu\/?product=asus-ellenorzes#breadcrumb","itemListElement":[{"@type":"ListItem","position":1,"name":"Kezd\u0151lap","item":"https:\/\/xn--imeiellenrzs-leb76l.hu\/"},{"@type":"ListItem","position":2,"name":"Term\u00e9kek","item":"https:\/\/xn--imeiellenrzs-leb76l.hu\/?post_type=product"},{"@type":"ListItem","position":3,"name":"ASUS ellen\u0151rz\u00e9s"}]},{"@type":"WebSite","@id":"https:\/\/xn--imeiellenrzs-leb76l.hu\/#website","url":"https:\/\/xn--imeiellenrzs-leb76l.hu\/","name":"Imeiellen\u0151rz\u00e9s","description":"Telefonod adatai IMEI alapj\u00e1n \u2013 gyors \u00e9s megb\u00edzhat\u00f3 ellen\u0151rz\u00e9s.","potentialAction":[{"@type":"SearchAction","target":{"@type":"EntryPoint","urlTemplate":"https:\/\/xn--imeiellenrzs-leb76l.hu\/?s={search_term_string}"},"query-input":{"@type":"PropertyValueSpecification","valueRequired":true,"valueName":"search_term_string"}}],"inLanguage":"hu"}]}},"_links":{"self":[{"href":"https:\/\/xn--imeiellenrzs-leb76l.hu\/index.php?rest_route=\/wp\/v2\/product\/149","targetHints":{"allow":["GET"]}}],"collection":[{"href":"https:\/\/xn--imeiellenrzs-leb76l.hu\/index.php?rest_route=\/wp\/v2\/product"}],"about":[{"href":"https:\/\/xn--imeiellenrzs-leb76l.hu\/index.php?rest_route=\/wp\/v2\/types\/product"}],"replies":[{"embeddable":true,"href":"https:\/\/xn--imeiellenrzs-leb76l.hu\/index.php?rest_route=%2Fwp%2Fv2%2Fcomments&post=149"}],"wp:attachment":[{"href":"https:\/\/xn--imeiellenrzs-leb76l.hu\/index.php?rest_route=%2Fwp%2Fv2%2Fmedia&parent=149"}],"wp:term":[{"taxonomy":"product_brand","embeddable":true,"href":"https:\/\/xn--imeiellenrzs-leb76l.hu\/index.php?rest_route=%2Fwp%2Fv2%2Fproduct_brand&post=149"},{"taxonomy":"product_cat","embeddable":true,"href":"https:\/\/xn--imeiellenrzs-leb76l.hu\/index.php?rest_route=%2Fwp%2Fv2%2Fproduct_cat&post=149"},{"taxonomy":"product_tag","embeddable":true,"href":"https:\/\/xn--imeiellenrzs-leb76l.hu\/index.php?rest_route=%2Fwp%2Fv2%2Fproduct_tag&post=149"}],"curies":[{"name":"wp","href":"https:\/\/api.w.org\/{rel}","templated":true}]}}